{"id":41031,"date":"2015-02-19T09:48:19","date_gmt":"2015-02-19T09:48:19","guid":{"rendered":"https:\/\/www.newlifecyprus.com\/contact-us\/"},"modified":"2023-04-06T12:38:35","modified_gmt":"2023-04-06T12:38:35","slug":"kontakt","status":"publish","type":"page","link":"https:\/\/www.newlifecyprus.com\/bs\/kontakt\/","title":{"rendered":"Kontakt"},"content":{"rendered":"<p>[vc_row][vc_column][vc_empty_space height=&#8221;30&#8221;][vc_column_text]<\/p>\n<p style=\"text-align: justify;\">Mi smo mlada i dinami\u010dna firma i nudimo upravo ono \u0161to tra\u017eite. Zajedno s nama prona\u0107i \u0107ete pouzdanog partnera s dugogodi\u0161njim iskustvom na tr\u017ei\u0161tu nekretnina na Kipru. Ne samo da vam prodajemo stanovima na Kipru, mi stvaramo va\u0161 novi dom, u kojem \u017eivite svoje snove.<\/p>\n<p>&nbsp;<\/p>\n<p style=\"text-align: justify;\">Na prodaju \u0107e i\u0107i samo nekretnine koje odaberemo mi kao profesionalni agenti za nekretnine. Neka se va\u0161 san o novoj stanovima na Kipru ostvari. Detaljan razgovor o va\u0161im \u017eeljama va\u017ean je za pouzdanog i profesionalnog agenta za nekretnine. Odvajamo vrijeme da vam pomognemo odabrati pravu nekretninu. \u017delite li dobiti vi\u0161e informacija?<\/p>\n<p>&nbsp;<\/p>\n<p style=\"text-align: justify;\">Jeste li ve\u0107 dobili prve ponude nekretnina od nas? Samo nam po\u0161aljite e-mail na info@newlifeturkey.com ili <a href=\"https:\/\/wa.link\/q023s3\">nas nazovite<\/a>. Pogledajte na\u0161e <a href=\"https:\/\/www.newlifecyprus.com\/bs\/listings\/apartments-bs\/\">ponude za stanovima<\/a> na Kipru<\/p>\n<p>[\/vc_column_text][\/vc_column][\/vc_row]<\/p>\n","protected":false},"excerpt":{"rendered":"<p>[vc_row][vc_column][vc_empty_space height=&#8221;30&#8221;][vc_column_text] Mi smo mlada i dinami\u010dna firma i nudimo upravo ono \u0161to tra\u017eite. Zajedno s nama prona\u0107i \u0107ete pouzdanog partnera s dugogodi\u0161njim iskustvom na tr\u017ei\u0161tu nekretnina na Kipru. Ne samo da vam prodajemo stanovima na Kipru, mi stvaramo va\u0161 novi dom, u kojem \u017eivite svoje snove. &nbsp; Na prodaju \u0107e i\u0107i samo nekretnine koje odaberemo mi kao profesionalni agenti za nekretnine. Neka se &#8230;<\/p>\n","protected":false},"author":1,"featured_media":0,"parent":0,"menu_order":0,"comment_status":"closed","ping_status":"closed","template":"contact_page.php","meta":{"footnotes":""},"class_list":["post-41031","page","type-page","status-publish","hentry"],"yoast_head":"<!-- This site is optimized with the Yoast SEO plugin v25.3 - https:\/\/yoast.com\/wordpress\/plugins\/seo\/ -->\n<title>Kontaktirajte za vi\u0161e informacija o stanovima na Kipru<\/title>\n<meta name=\"description\" content=\"Neka se va\u0161 san o novoj stanovima na Kipru ostvari. Detaljan razgovor o va\u0161im \u017eeljama va\u017ean je za pouzdanog i profesionalnog agenta za nekretnine. Odvajamo vrijeme da vam pomognemo odabrati pravu nekretninu.\" \/>\n<meta name=\"robots\" content=\"index, follow, max-snippet:-1, max-image-preview:large, max-video-preview:-1\" \/>\n<link rel=\"canonical\" href=\"https:\/\/www.newlifecyprus.com\/bs\/kontakt\/\" \/>\n<meta property=\"og:locale\" content=\"bs_BA\" \/>\n<meta property=\"og:type\" content=\"article\" \/>\n<meta property=\"og:title\" content=\"Kontaktirajte za vi\u0161e informacija o stanovima na Kipru\" \/>\n<meta property=\"og:description\" content=\"Neka se va\u0161 san o novoj stanovima na Kipru ostvari. Detaljan razgovor o va\u0161im \u017eeljama va\u017ean je za pouzdanog i profesionalnog agenta za nekretnine. Odvajamo vrijeme da vam pomognemo odabrati pravu nekretninu.\" \/>\n<meta property=\"og:url\" content=\"https:\/\/www.newlifecyprus.com\/bs\/kontakt\/\" \/>\n<meta property=\"og:site_name\" content=\"Nekretnine na Kipru\" \/>\n<meta property=\"article:publisher\" content=\"https:\/\/www.facebook.com\/newlifeturkeyinalanya\/\" \/>\n<meta property=\"article:modified_time\" content=\"2023-04-06T12:38:35+00:00\" \/>\n<meta name=\"twitter:card\" content=\"summary_large_image\" \/>\n<meta name=\"twitter:site\" content=\"@NewLifeAlanya\" \/>\n<meta name=\"twitter:label1\" content=\"Est. reading time\" \/>\n\t<meta name=\"twitter:data1\" content=\"1 minuta\" \/>\n<script type=\"application\/ld+json\" class=\"yoast-schema-graph\">{\"@context\":\"https:\/\/schema.org\",\"@graph\":[{\"@type\":\"WebPage\",\"@id\":\"https:\/\/www.newlifecyprus.com\/bs\/kontakt\/\",\"url\":\"https:\/\/www.newlifecyprus.com\/bs\/kontakt\/\",\"name\":\"Kontaktirajte za vi\u0161e informacija o stanovima na Kipru\",\"isPartOf\":{\"@id\":\"https:\/\/www.newlifecyprus.com\/bs\/#website\"},\"datePublished\":\"2015-02-19T09:48:19+00:00\",\"dateModified\":\"2023-04-06T12:38:35+00:00\",\"description\":\"Neka se va\u0161 san o novoj stanovima na Kipru ostvari. Detaljan razgovor o va\u0161im \u017eeljama va\u017ean je za pouzdanog i profesionalnog agenta za nekretnine. Odvajamo vrijeme da vam pomognemo odabrati pravu nekretninu.\",\"breadcrumb\":{\"@id\":\"https:\/\/www.newlifecyprus.com\/bs\/kontakt\/#breadcrumb\"},\"inLanguage\":\"bs-BA\",\"potentialAction\":[{\"@type\":\"ReadAction\",\"target\":[\"https:\/\/www.newlifecyprus.com\/bs\/kontakt\/\"]}]},{\"@type\":\"BreadcrumbList\",\"@id\":\"https:\/\/www.newlifecyprus.com\/bs\/kontakt\/#breadcrumb\",\"itemListElement\":[{\"@type\":\"ListItem\",\"position\":1,\"name\":\"Home\",\"item\":\"https:\/\/www.newlifecyprus.com\/bs\/\"},{\"@type\":\"ListItem\",\"position\":2,\"name\":\"Kontakt\"}]},{\"@type\":\"WebSite\",\"@id\":\"https:\/\/www.newlifecyprus.com\/bs\/#website\",\"url\":\"https:\/\/www.newlifecyprus.com\/bs\/\",\"name\":\"Properties in Cyprus\",\"description\":\"New Life Cyprus\",\"publisher\":{\"@id\":\"https:\/\/www.newlifecyprus.com\/bs\/#organization\"},\"potentialAction\":[{\"@type\":\"SearchAction\",\"target\":{\"@type\":\"EntryPoint\",\"urlTemplate\":\"https:\/\/www.newlifecyprus.com\/bs\/?s={search_term_string}\"},\"query-input\":{\"@type\":\"PropertyValueSpecification\",\"valueRequired\":true,\"valueName\":\"search_term_string\"}}],\"inLanguage\":\"bs-BA\"},{\"@type\":\"Organization\",\"@id\":\"https:\/\/www.newlifecyprus.com\/bs\/#organization\",\"name\":\"Properties in Cyprus\",\"url\":\"https:\/\/www.newlifecyprus.com\/bs\/\",\"logo\":{\"@type\":\"ImageObject\",\"inLanguage\":\"bs-BA\",\"@id\":\"https:\/\/www.newlifecyprus.com\/bs\/#\/schema\/logo\/image\/\",\"url\":\"https:\/\/www.newlifecyprus.com\/wp-content\/uploads\/2022\/05\/logo-205.png\",\"contentUrl\":\"https:\/\/www.newlifecyprus.com\/wp-content\/uploads\/2022\/05\/logo-205.png\",\"width\":205,\"height\":46,\"caption\":\"Properties in Cyprus\"},\"image\":{\"@id\":\"https:\/\/www.newlifecyprus.com\/bs\/#\/schema\/logo\/image\/\"},\"sameAs\":[\"https:\/\/www.facebook.com\/newlifeturkeyinalanya\/\",\"https:\/\/x.com\/NewLifeAlanya\"]}]}<\/script>\n<!-- \/ Yoast SEO plugin. -->","yoast_head_json":{"title":"Kontaktirajte za vi\u0161e informacija o stanovima na Kipru","description":"Neka se va\u0161 san o novoj stanovima na Kipru ostvari. Detaljan razgovor o va\u0161im \u017eeljama va\u017ean je za pouzdanog i profesionalnog agenta za nekretnine. Odvajamo vrijeme da vam pomognemo odabrati pravu nekretninu.","robots":{"index":"index","follow":"follow","max-snippet":"max-snippet:-1","max-image-preview":"max-image-preview:large","max-video-preview":"max-video-preview:-1"},"canonical":"https:\/\/www.newlifecyprus.com\/bs\/kontakt\/","og_locale":"bs_BA","og_type":"article","og_title":"Kontaktirajte za vi\u0161e informacija o stanovima na Kipru","og_description":"Neka se va\u0161 san o novoj stanovima na Kipru ostvari. Detaljan razgovor o va\u0161im \u017eeljama va\u017ean je za pouzdanog i profesionalnog agenta za nekretnine. Odvajamo vrijeme da vam pomognemo odabrati pravu nekretninu.","og_url":"https:\/\/www.newlifecyprus.com\/bs\/kontakt\/","og_site_name":"Nekretnine na Kipru","article_publisher":"https:\/\/www.facebook.com\/newlifeturkeyinalanya\/","article_modified_time":"2023-04-06T12:38:35+00:00","twitter_card":"summary_large_image","twitter_site":"@NewLifeAlanya","twitter_misc":{"Est. reading time":"1 minuta"},"schema":{"@context":"https:\/\/schema.org","@graph":[{"@type":"WebPage","@id":"https:\/\/www.newlifecyprus.com\/bs\/kontakt\/","url":"https:\/\/www.newlifecyprus.com\/bs\/kontakt\/","name":"Kontaktirajte za vi\u0161e informacija o stanovima na Kipru","isPartOf":{"@id":"https:\/\/www.newlifecyprus.com\/bs\/#website"},"datePublished":"2015-02-19T09:48:19+00:00","dateModified":"2023-04-06T12:38:35+00:00","description":"Neka se va\u0161 san o novoj stanovima na Kipru ostvari. Detaljan razgovor o va\u0161im \u017eeljama va\u017ean je za pouzdanog i profesionalnog agenta za nekretnine. Odvajamo vrijeme da vam pomognemo odabrati pravu nekretninu.","breadcrumb":{"@id":"https:\/\/www.newlifecyprus.com\/bs\/kontakt\/#breadcrumb"},"inLanguage":"bs-BA","potentialAction":[{"@type":"ReadAction","target":["https:\/\/www.newlifecyprus.com\/bs\/kontakt\/"]}]},{"@type":"BreadcrumbList","@id":"https:\/\/www.newlifecyprus.com\/bs\/kontakt\/#breadcrumb","itemListElement":[{"@type":"ListItem","position":1,"name":"Home","item":"https:\/\/www.newlifecyprus.com\/bs\/"},{"@type":"ListItem","position":2,"name":"Kontakt"}]},{"@type":"WebSite","@id":"https:\/\/www.newlifecyprus.com\/bs\/#website","url":"https:\/\/www.newlifecyprus.com\/bs\/","name":"Properties in Cyprus","description":"New Life Cyprus","publisher":{"@id":"https:\/\/www.newlifecyprus.com\/bs\/#organization"},"potentialAction":[{"@type":"SearchAction","target":{"@type":"EntryPoint","urlTemplate":"https:\/\/www.newlifecyprus.com\/bs\/?s={search_term_string}"},"query-input":{"@type":"PropertyValueSpecification","valueRequired":true,"valueName":"search_term_string"}}],"inLanguage":"bs-BA"},{"@type":"Organization","@id":"https:\/\/www.newlifecyprus.com\/bs\/#organization","name":"Properties in Cyprus","url":"https:\/\/www.newlifecyprus.com\/bs\/","logo":{"@type":"ImageObject","inLanguage":"bs-BA","@id":"https:\/\/www.newlifecyprus.com\/bs\/#\/schema\/logo\/image\/","url":"https:\/\/www.newlifecyprus.com\/wp-content\/uploads\/2022\/05\/logo-205.png","contentUrl":"https:\/\/www.newlifecyprus.com\/wp-content\/uploads\/2022\/05\/logo-205.png","width":205,"height":46,"caption":"Properties in Cyprus"},"image":{"@id":"https:\/\/www.newlifecyprus.com\/bs\/#\/schema\/logo\/image\/"},"sameAs":["https:\/\/www.facebook.com\/newlifeturkeyinalanya\/","https:\/\/x.com\/NewLifeAlanya"]}]}},"_links":{"self":[{"href":"https:\/\/www.newlifecyprus.com\/bs\/wp-json\/wp\/v2\/pages\/41031"}],"collection":[{"href":"https:\/\/www.newlifecyprus.com\/bs\/wp-json\/wp\/v2\/pages"}],"about":[{"href":"https:\/\/www.newlifecyprus.com\/bs\/wp-json\/wp\/v2\/types\/page"}],"author":[{"embeddable":true,"href":"https:\/\/www.newlifecyprus.com\/bs\/wp-json\/wp\/v2\/users\/1"}],"replies":[{"embeddable":true,"href":"https:\/\/www.newlifecyprus.com\/bs\/wp-json\/wp\/v2\/comments?post=41031"}],"version-history":[{"count":3,"href":"https:\/\/www.newlifecyprus.com\/bs\/wp-json\/wp\/v2\/pages\/41031\/revisions"}],"predecessor-version":[{"id":46512,"href":"https:\/\/www.newlifecyprus.com\/bs\/wp-json\/wp\/v2\/pages\/41031\/revisions\/46512"}],"wp:attachment":[{"href":"https:\/\/www.newlifecyprus.com\/bs\/wp-json\/wp\/v2\/media?parent=41031"}],"curies":[{"name":"wp","href":"https:\/\/api.w.org\/{rel}","templated":true}]}}