{"id":17991,"date":"2016-03-04T14:09:47","date_gmt":"2016-03-04T14:09:47","guid":{"rendered":"http:\/\/stage.wpresidence.net\/?page_id=17991"},"modified":"2016-03-04T14:09:47","modified_gmt":"2016-03-04T14:09:47","slug":"blog-list-shortcodes","status":"publish","type":"page","link":"https:\/\/www.newlifecyprus.com\/de\/blog-list-shortcodes\/","title":{"rendered":"Blog List Shortcodes"},"content":{"rendered":"<p>[vc_row][vc_column]<div class=\"article_container slider_container bottom-articles nobutton  \" ><h2 class=\"shortcode_title title_slider\">Blog Posts Slider<\/h2><div class=\"shortcode_slider_wrapper\" ><div class=\"shortcode_slider_list slider_no16180 arrow_class_top \" data-items-per-row=\"3\"  data-auto=\"0\" ><div class=\" slider_prop_wrapper   three_per_row  \" >  \n\n<div  class=\"col-md- shortcode-col  listing_wrapper blog2v\"> \n    <div class=\"property_listing_blog\" data-link=\"https:\/\/www.newlifecyprus.com\/de\/tuerkei\/alanya\/\">\n        <div class=\"blog_unit_image\"><a href=\"https:\/\/www.newlifecyprus.com\/de\/tuerkei\/alanya\/\" ><img fetchpriority=\"high\" decoding=\"async\" width=\"525\" height=\"328\" src=\"https:\/\/www.newlifecyprus.com\/wp-content\/uploads\/2010\/09\/alanya-525x328.jpg\" class=\"lazyload img-responsive wp-post-image\" alt=\"alt\" data-original=\"https:\/\/www.newlifecyprus.com\/wp-content\/uploads\/2010\/09\/alanya-525x328.jpg\" \/><\/a><\/div>\n           <h4>\n               <a href=\"https:\/\/www.newlifecyprus.com\/de\/tuerkei\/alanya\/\" class=\"blog_unit_title\">Alanya<\/a> \n           <\/h4>\n        \n           <div class=\"blog_unit_meta\">\n            Sep 15, 2010            \n           <\/div>\n           \n            <div class=\"listing_details the_grid_view\">\n                [vc_row][vc_column][vc_column_text] Die T\u00fcrkische Riviera bezeichnet das Gebiet der S\u00fcdk\u00fcste der T\u00fcrkei und erstrec <a href=\"https:\/\/www.newlifecyprus.com\/de\/tuerkei\/alanya\/\" class=\"unit_more_x\">...<\/a>            <\/div>\n\n            <a class=\"read_more\" href=\"https:\/\/www.newlifecyprus.com\/de\/tuerkei\/alanya\/\"> Weiterlesen<i class=\"fas fa-angle-right\"><\/i> <\/a>\n\n        <\/div>          \n    <\/div>      <\/div><div class=\" slider_prop_wrapper   three_per_row  \" >  \n\n<div  class=\"col-md- shortcode-col  listing_wrapper blog2v\"> \n    <div class=\"property_listing_blog\" data-link=\"https:\/\/www.newlifecyprus.com\/de\/neues\/ausstellung-prachtvolles-jahrhundert-eroeffnet-in-dubai\/\">\n        <div class=\"blog_unit_image\"><a href=\"https:\/\/www.newlifecyprus.com\/de\/neues\/ausstellung-prachtvolles-jahrhundert-eroeffnet-in-dubai\/\" ><img decoding=\"async\" width=\"480\" height=\"320\" src=\"https:\/\/www.newlifecyprus.com\/wp-content\/uploads\/2016\/04\/dubai.jpg\" class=\"lazyload img-responsive wp-post-image\" alt=\"\" data-original=\"https:\/\/www.newlifecyprus.com\/wp-content\/uploads\/2016\/04\/dubai.jpg\" srcset=\"https:\/\/www.newlifecyprus.com\/wp-content\/uploads\/2016\/04\/dubai.jpg 480w, https:\/\/www.newlifecyprus.com\/wp-content\/uploads\/2016\/04\/dubai-300x200.jpg 300w, https:\/\/www.newlifecyprus.com\/wp-content\/uploads\/2016\/04\/dubai-105x70.jpg 105w\" sizes=\"(max-width: 480px) 100vw, 480px\" \/><\/a><\/div>\n           <h4>\n               <a href=\"https:\/\/www.newlifecyprus.com\/de\/neues\/ausstellung-prachtvolles-jahrhundert-eroeffnet-in-dubai\/\" class=\"blog_unit_title\">Ausstellung &#8218;Prachtvolles Jahrhundert&...<\/a> \n           <\/h4>\n        \n           <div class=\"blog_unit_meta\">\n            Apr 22, 2016            \n           <\/div>\n           \n            <div class=\"listing_details the_grid_view\">\n                Die Ausstellung &#8222;Hareem Al Sulten&#8220; wird organisiert von der Istanbul Entertainment Group und der Firma  <a href=\"https:\/\/www.newlifecyprus.com\/de\/neues\/ausstellung-prachtvolles-jahrhundert-eroeffnet-in-dubai\/\" class=\"unit_more_x\">...<\/a>            <\/div>\n\n            <a class=\"read_more\" href=\"https:\/\/www.newlifecyprus.com\/de\/neues\/ausstellung-prachtvolles-jahrhundert-eroeffnet-in-dubai\/\"> Weiterlesen<i class=\"fas fa-angle-right\"><\/i> <\/a>\n\n        <\/div>          \n    <\/div>      <\/div><div class=\" slider_prop_wrapper   three_per_row  \" >  \n\n<div  class=\"col-md- shortcode-col  listing_wrapper blog2v\"> \n    <div class=\"property_listing_blog\" data-link=\"https:\/\/www.newlifecyprus.com\/de\/neues\/medizinischer-tourismus-gewinnt-an-bedeutung\/\">\n        <div class=\"blog_unit_image\"><a href=\"https:\/\/www.newlifecyprus.com\/de\/neues\/medizinischer-tourismus-gewinnt-an-bedeutung\/\" ><img decoding=\"async\" width=\"525\" height=\"328\" src=\"https:\/\/www.newlifecyprus.com\/wp-content\/uploads\/2016\/04\/tursab-525x328.jpg\" class=\"lazyload img-responsive wp-post-image\" alt=\"\" data-original=\"https:\/\/www.newlifecyprus.com\/wp-content\/uploads\/2016\/04\/tursab-525x328.jpg\" \/><\/a><\/div>\n           <h4>\n               <a href=\"https:\/\/www.newlifecyprus.com\/de\/neues\/medizinischer-tourismus-gewinnt-an-bedeutung\/\" class=\"blog_unit_title\">Medizinischer Tourismus gewinnt an Bedeutung<\/a> \n           <\/h4>\n        \n           <div class=\"blog_unit_meta\">\n            Apr 22, 2016            \n           <\/div>\n           \n            <div class=\"listing_details the_grid_view\">\n                Am 15. Mai findet in Istanbul eine Konferenz zur Beratung \u00fcber die Entwicklung des Landes f\u00fcr den medizinischen Tou <a href=\"https:\/\/www.newlifecyprus.com\/de\/neues\/medizinischer-tourismus-gewinnt-an-bedeutung\/\" class=\"unit_more_x\">...<\/a>            <\/div>\n\n            <a class=\"read_more\" href=\"https:\/\/www.newlifecyprus.com\/de\/neues\/medizinischer-tourismus-gewinnt-an-bedeutung\/\"> Weiterlesen<i class=\"fas fa-angle-right\"><\/i> <\/a>\n\n        <\/div>          \n    <\/div>      <\/div><div class=\" slider_prop_wrapper   three_per_row  \" >  \n\n<div  class=\"col-md- shortcode-col  listing_wrapper blog2v\"> \n    <div class=\"property_listing_blog\" data-link=\"https:\/\/www.newlifecyprus.com\/de\/neues\/expo-2016-in-antalya-wird-eroeffnet\/\">\n        <div class=\"blog_unit_image\"><a href=\"https:\/\/www.newlifecyprus.com\/de\/neues\/expo-2016-in-antalya-wird-eroeffnet\/\" ><img loading=\"lazy\" decoding=\"async\" width=\"500\" height=\"328\" src=\"https:\/\/www.newlifecyprus.com\/wp-content\/uploads\/2016\/04\/expo2016-500x328.jpg\" class=\"lazyload img-responsive wp-post-image\" alt=\"\" data-original=\"https:\/\/www.newlifecyprus.com\/wp-content\/uploads\/2016\/04\/expo2016-500x328.jpg\" srcset=\"https:\/\/www.newlifecyprus.com\/wp-content\/uploads\/2016\/04\/expo2016-500x328.jpg 500w, https:\/\/www.newlifecyprus.com\/wp-content\/uploads\/2016\/04\/expo2016-105x70.jpg 105w\" sizes=\"(max-width: 500px) 100vw, 500px\" \/><\/a><\/div>\n           <h4>\n               <a href=\"https:\/\/www.newlifecyprus.com\/de\/neues\/expo-2016-in-antalya-wird-eroeffnet\/\" class=\"blog_unit_title\">EXPO 2016 in Antalya wird er\u00f6ffnet<\/a> \n           <\/h4>\n        \n           <div class=\"blog_unit_meta\">\n            Apr 22, 2016            \n           <\/div>\n           \n            <div class=\"listing_details the_grid_view\">\n                Dieses Jahr feiert Antalya am 23. April neben dem offiziellen Kindertag auch die Er\u00f6ffnung der Internationalen Bota <a href=\"https:\/\/www.newlifecyprus.com\/de\/neues\/expo-2016-in-antalya-wird-eroeffnet\/\" class=\"unit_more_x\">...<\/a>            <\/div>\n\n            <a class=\"read_more\" href=\"https:\/\/www.newlifecyprus.com\/de\/neues\/expo-2016-in-antalya-wird-eroeffnet\/\"> Weiterlesen<i class=\"fas fa-angle-right\"><\/i> <\/a>\n\n        <\/div>          \n    <\/div>      <\/div><\/div><\/div><\/div>[\/vc_column][\/vc_row][vc_row][vc_column]<div id=\"wpestate_sh_anime_648\" class=\"article_container wpestate_anime wpestate_latest_listings_sh bottom-post  blogs_wrapper \"  data-type=\"post\" data-category_ids=\"\" data-action_ids=\"\" data-city_ids=\"\" data-area_ids=\"\" data-state_ids=\"\" data-status_ids=\"\" data-number=\"3\" data-row-number=\"3\" data-card-version=\"\" data-align=\"vertical\" data-show_featured_only=\"no\"  data-random_pick=\"no\"  data-featured_first=\"no\" data-sort-by=\"0\"data-page=\"1\" ><h2 class=\"shortcode_title\">Recent Articles Shortcode<\/h2>  \n\n<div  class=\"col-md-4 shortcode-col  listing_wrapper blog2v\"> \n    <div class=\"property_listing_blog\" data-link=\"https:\/\/www.newlifecyprus.com\/de\/tuerkei\/alanya\/\">\n        <div class=\"blog_unit_image\"><a href=\"https:\/\/www.newlifecyprus.com\/de\/tuerkei\/alanya\/\" ><img fetchpriority=\"high\" decoding=\"async\" width=\"525\" height=\"328\" src=\"https:\/\/www.newlifecyprus.com\/wp-content\/uploads\/2010\/09\/alanya-525x328.jpg\" class=\"lazyload img-responsive wp-post-image\" alt=\"alt\" data-original=\"https:\/\/www.newlifecyprus.com\/wp-content\/uploads\/2010\/09\/alanya-525x328.jpg\" \/><\/a><\/div>\n           <h4>\n               <a href=\"https:\/\/www.newlifecyprus.com\/de\/tuerkei\/alanya\/\" class=\"blog_unit_title\">Alanya<\/a> \n           <\/h4>\n        \n           <div class=\"blog_unit_meta\">\n            Sep 15, 2010            \n           <\/div>\n           \n            <div class=\"listing_details the_grid_view\">\n                [vc_row][vc_column][vc_column_text] Die T\u00fcrkische Riviera bezeichnet das Gebiet der S\u00fcdk\u00fcste der T\u00fcrkei und erstrec <a href=\"https:\/\/www.newlifecyprus.com\/de\/tuerkei\/alanya\/\" class=\"unit_more_x\">...<\/a>            <\/div>\n\n            <a class=\"read_more\" href=\"https:\/\/www.newlifecyprus.com\/de\/tuerkei\/alanya\/\"> Weiterlesen<i class=\"fas fa-angle-right\"><\/i> <\/a>\n\n        <\/div>          \n    <\/div>        \n\n<div  class=\"col-md-4 shortcode-col  listing_wrapper blog2v\"> \n    <div class=\"property_listing_blog\" data-link=\"https:\/\/www.newlifecyprus.com\/de\/neues\/ausstellung-prachtvolles-jahrhundert-eroeffnet-in-dubai\/\">\n        <div class=\"blog_unit_image\"><a href=\"https:\/\/www.newlifecyprus.com\/de\/neues\/ausstellung-prachtvolles-jahrhundert-eroeffnet-in-dubai\/\" ><img decoding=\"async\" width=\"480\" height=\"320\" src=\"https:\/\/www.newlifecyprus.com\/wp-content\/uploads\/2016\/04\/dubai.jpg\" class=\"lazyload img-responsive wp-post-image\" alt=\"\" data-original=\"https:\/\/www.newlifecyprus.com\/wp-content\/uploads\/2016\/04\/dubai.jpg\" srcset=\"https:\/\/www.newlifecyprus.com\/wp-content\/uploads\/2016\/04\/dubai.jpg 480w, https:\/\/www.newlifecyprus.com\/wp-content\/uploads\/2016\/04\/dubai-300x200.jpg 300w, https:\/\/www.newlifecyprus.com\/wp-content\/uploads\/2016\/04\/dubai-105x70.jpg 105w\" sizes=\"(max-width: 480px) 100vw, 480px\" \/><\/a><\/div>\n           <h4>\n               <a href=\"https:\/\/www.newlifecyprus.com\/de\/neues\/ausstellung-prachtvolles-jahrhundert-eroeffnet-in-dubai\/\" class=\"blog_unit_title\">Ausstellung &#8218;Prachtvolles Jahrhundert&...<\/a> \n           <\/h4>\n        \n           <div class=\"blog_unit_meta\">\n            Apr 22, 2016            \n           <\/div>\n           \n            <div class=\"listing_details the_grid_view\">\n                Die Ausstellung &#8222;Hareem Al Sulten&#8220; wird organisiert von der Istanbul Entertainment Group und der Firma  <a href=\"https:\/\/www.newlifecyprus.com\/de\/neues\/ausstellung-prachtvolles-jahrhundert-eroeffnet-in-dubai\/\" class=\"unit_more_x\">...<\/a>            <\/div>\n\n            <a class=\"read_more\" href=\"https:\/\/www.newlifecyprus.com\/de\/neues\/ausstellung-prachtvolles-jahrhundert-eroeffnet-in-dubai\/\"> Weiterlesen<i class=\"fas fa-angle-right\"><\/i> <\/a>\n\n        <\/div>          \n    <\/div>        \n\n<div  class=\"col-md-4 shortcode-col  listing_wrapper blog2v\"> \n    <div class=\"property_listing_blog\" data-link=\"https:\/\/www.newlifecyprus.com\/de\/neues\/medizinischer-tourismus-gewinnt-an-bedeutung\/\">\n        <div class=\"blog_unit_image\"><a href=\"https:\/\/www.newlifecyprus.com\/de\/neues\/medizinischer-tourismus-gewinnt-an-bedeutung\/\" ><img decoding=\"async\" width=\"525\" height=\"328\" src=\"https:\/\/www.newlifecyprus.com\/wp-content\/uploads\/2016\/04\/tursab-525x328.jpg\" class=\"lazyload img-responsive wp-post-image\" alt=\"\" data-original=\"https:\/\/www.newlifecyprus.com\/wp-content\/uploads\/2016\/04\/tursab-525x328.jpg\" \/><\/a><\/div>\n           <h4>\n               <a href=\"https:\/\/www.newlifecyprus.com\/de\/neues\/medizinischer-tourismus-gewinnt-an-bedeutung\/\" class=\"blog_unit_title\">Medizinischer Tourismus gewinnt an Bedeutung<\/a> \n           <\/h4>\n        \n           <div class=\"blog_unit_meta\">\n            Apr 22, 2016            \n           <\/div>\n           \n            <div class=\"listing_details the_grid_view\">\n                Am 15. Mai findet in Istanbul eine Konferenz zur Beratung \u00fcber die Entwicklung des Landes f\u00fcr den medizinischen Tou <a href=\"https:\/\/www.newlifecyprus.com\/de\/neues\/medizinischer-tourismus-gewinnt-an-bedeutung\/\" class=\"unit_more_x\">...<\/a>            <\/div>\n\n            <a class=\"read_more\" href=\"https:\/\/www.newlifecyprus.com\/de\/neues\/medizinischer-tourismus-gewinnt-an-bedeutung\/\"> Weiterlesen<i class=\"fas fa-angle-right\"><\/i> <\/a>\n\n        <\/div>          \n    <\/div>      <div class=\"wpestate_listing_sh_loader\">\n       <div class=\"new_prelader\"><\/div>\n    <\/div><div class=\"listinglink-wrapper_sh_listings\">\n               <span class=\"wpresidence_button wpestate_item_list_sh\">  Artikel laden <\/span>\n               <\/div><\/div>[\/vc_column][\/vc_row]<\/p>\n","protected":false},"excerpt":{"rendered":"<p>[vc_row][vc_column][\/vc_column][\/vc_row][vc_row][vc_column][\/vc_column][\/vc_row]<\/p>\n","protected":false},"author":1,"featured_media":0,"parent":0,"menu_order":0,"comment_status":"closed","ping_status":"closed","template":"","meta":{"footnotes":""},"class_list":["post-17991","page","type-page","status-publish","hentry"],"yoast_head":"<!-- This site is optimized with the Yoast SEO plugin v25.3 - https:\/\/yoast.com\/wordpress\/plugins\/seo\/ -->\n<title>Blog List Shortcodes - Immobilien in Zypern<\/title>\n<meta name=\"robots\" content=\"index, follow, max-snippet:-1, max-image-preview:large, max-video-preview:-1\" \/>\n<link rel=\"canonical\" href=\"https:\/\/www.newlifecyprus.com\/de\/blog-list-shortcodes\/\" \/>\n<meta property=\"og:locale\" content=\"de_DE\" \/>\n<meta property=\"og:type\" content=\"article\" \/>\n<meta property=\"og:title\" content=\"Blog List Shortcodes - Immobilien in Zypern\" \/>\n<meta property=\"og:description\" content=\"[vc_row][vc_column][\/vc_column][\/vc_row][vc_row][vc_column][\/vc_column][\/vc_row]\" \/>\n<meta property=\"og:url\" content=\"https:\/\/www.newlifecyprus.com\/de\/blog-list-shortcodes\/\" \/>\n<meta property=\"og:site_name\" content=\"Immobilien in Zypern\" \/>\n<meta property=\"article:publisher\" content=\"https:\/\/www.facebook.com\/newlifeturkeyinalanya\/\" \/>\n<meta name=\"twitter:card\" content=\"summary_large_image\" \/>\n<meta name=\"twitter:site\" content=\"@NewLifeAlanya\" \/>\n<script type=\"application\/ld+json\" class=\"yoast-schema-graph\">{\"@context\":\"https:\/\/schema.org\",\"@graph\":[{\"@type\":\"WebPage\",\"@id\":\"https:\/\/www.newlifecyprus.com\/de\/blog-list-shortcodes\/\",\"url\":\"https:\/\/www.newlifecyprus.com\/de\/blog-list-shortcodes\/\",\"name\":\"Blog List Shortcodes - Immobilien in Zypern\",\"isPartOf\":{\"@id\":\"https:\/\/www.newlifecyprus.com\/de\/#website\"},\"datePublished\":\"2016-03-04T14:09:47+00:00\",\"breadcrumb\":{\"@id\":\"https:\/\/www.newlifecyprus.com\/de\/blog-list-shortcodes\/#breadcrumb\"},\"inLanguage\":\"de-DE\",\"potentialAction\":[{\"@type\":\"ReadAction\",\"target\":[\"https:\/\/www.newlifecyprus.com\/de\/blog-list-shortcodes\/\"]}]},{\"@type\":\"BreadcrumbList\",\"@id\":\"https:\/\/www.newlifecyprus.com\/de\/blog-list-shortcodes\/#breadcrumb\",\"itemListElement\":[{\"@type\":\"ListItem\",\"position\":1,\"name\":\"Home\",\"item\":\"https:\/\/www.newlifecyprus.com\/de\/startseite\/\"},{\"@type\":\"ListItem\",\"position\":2,\"name\":\"Blog List Shortcodes\"}]},{\"@type\":\"WebSite\",\"@id\":\"https:\/\/www.newlifecyprus.com\/de\/#website\",\"url\":\"https:\/\/www.newlifecyprus.com\/de\/\",\"name\":\"Properties in Cyprus\",\"description\":\"New Life Cyprus\",\"publisher\":{\"@id\":\"https:\/\/www.newlifecyprus.com\/de\/#organization\"},\"potentialAction\":[{\"@type\":\"SearchAction\",\"target\":{\"@type\":\"EntryPoint\",\"urlTemplate\":\"https:\/\/www.newlifecyprus.com\/de\/?s={search_term_string}\"},\"query-input\":{\"@type\":\"PropertyValueSpecification\",\"valueRequired\":true,\"valueName\":\"search_term_string\"}}],\"inLanguage\":\"de-DE\"},{\"@type\":\"Organization\",\"@id\":\"https:\/\/www.newlifecyprus.com\/de\/#organization\",\"name\":\"Properties in Cyprus\",\"url\":\"https:\/\/www.newlifecyprus.com\/de\/\",\"logo\":{\"@type\":\"ImageObject\",\"inLanguage\":\"de-DE\",\"@id\":\"https:\/\/www.newlifecyprus.com\/de\/#\/schema\/logo\/image\/\",\"url\":\"https:\/\/www.newlifecyprus.com\/wp-content\/uploads\/2022\/05\/logo-205.png\",\"contentUrl\":\"https:\/\/www.newlifecyprus.com\/wp-content\/uploads\/2022\/05\/logo-205.png\",\"width\":205,\"height\":46,\"caption\":\"Properties in Cyprus\"},\"image\":{\"@id\":\"https:\/\/www.newlifecyprus.com\/de\/#\/schema\/logo\/image\/\"},\"sameAs\":[\"https:\/\/www.facebook.com\/newlifeturkeyinalanya\/\",\"https:\/\/x.com\/NewLifeAlanya\"]}]}<\/script>\n<!-- \/ Yoast SEO plugin. -->","yoast_head_json":{"title":"Blog List Shortcodes - Immobilien in Zypern","robots":{"index":"index","follow":"follow","max-snippet":"max-snippet:-1","max-image-preview":"max-image-preview:large","max-video-preview":"max-video-preview:-1"},"canonical":"https:\/\/www.newlifecyprus.com\/de\/blog-list-shortcodes\/","og_locale":"de_DE","og_type":"article","og_title":"Blog List Shortcodes - Immobilien in Zypern","og_description":"[vc_row][vc_column][\/vc_column][\/vc_row][vc_row][vc_column][\/vc_column][\/vc_row]","og_url":"https:\/\/www.newlifecyprus.com\/de\/blog-list-shortcodes\/","og_site_name":"Immobilien in Zypern","article_publisher":"https:\/\/www.facebook.com\/newlifeturkeyinalanya\/","twitter_card":"summary_large_image","twitter_site":"@NewLifeAlanya","schema":{"@context":"https:\/\/schema.org","@graph":[{"@type":"WebPage","@id":"https:\/\/www.newlifecyprus.com\/de\/blog-list-shortcodes\/","url":"https:\/\/www.newlifecyprus.com\/de\/blog-list-shortcodes\/","name":"Blog List Shortcodes - Immobilien in Zypern","isPartOf":{"@id":"https:\/\/www.newlifecyprus.com\/de\/#website"},"datePublished":"2016-03-04T14:09:47+00:00","breadcrumb":{"@id":"https:\/\/www.newlifecyprus.com\/de\/blog-list-shortcodes\/#breadcrumb"},"inLanguage":"de-DE","potentialAction":[{"@type":"ReadAction","target":["https:\/\/www.newlifecyprus.com\/de\/blog-list-shortcodes\/"]}]},{"@type":"BreadcrumbList","@id":"https:\/\/www.newlifecyprus.com\/de\/blog-list-shortcodes\/#breadcrumb","itemListElement":[{"@type":"ListItem","position":1,"name":"Home","item":"https:\/\/www.newlifecyprus.com\/de\/startseite\/"},{"@type":"ListItem","position":2,"name":"Blog List Shortcodes"}]},{"@type":"WebSite","@id":"https:\/\/www.newlifecyprus.com\/de\/#website","url":"https:\/\/www.newlifecyprus.com\/de\/","name":"Properties in Cyprus","description":"New Life Cyprus","publisher":{"@id":"https:\/\/www.newlifecyprus.com\/de\/#organization"},"potentialAction":[{"@type":"SearchAction","target":{"@type":"EntryPoint","urlTemplate":"https:\/\/www.newlifecyprus.com\/de\/?s={search_term_string}"},"query-input":{"@type":"PropertyValueSpecification","valueRequired":true,"valueName":"search_term_string"}}],"inLanguage":"de-DE"},{"@type":"Organization","@id":"https:\/\/www.newlifecyprus.com\/de\/#organization","name":"Properties in Cyprus","url":"https:\/\/www.newlifecyprus.com\/de\/","logo":{"@type":"ImageObject","inLanguage":"de-DE","@id":"https:\/\/www.newlifecyprus.com\/de\/#\/schema\/logo\/image\/","url":"https:\/\/www.newlifecyprus.com\/wp-content\/uploads\/2022\/05\/logo-205.png","contentUrl":"https:\/\/www.newlifecyprus.com\/wp-content\/uploads\/2022\/05\/logo-205.png","width":205,"height":46,"caption":"Properties in Cyprus"},"image":{"@id":"https:\/\/www.newlifecyprus.com\/de\/#\/schema\/logo\/image\/"},"sameAs":["https:\/\/www.facebook.com\/newlifeturkeyinalanya\/","https:\/\/x.com\/NewLifeAlanya"]}]}},"_links":{"self":[{"href":"https:\/\/www.newlifecyprus.com\/de\/wp-json\/wp\/v2\/pages\/17991"}],"collection":[{"href":"https:\/\/www.newlifecyprus.com\/de\/wp-json\/wp\/v2\/pages"}],"about":[{"href":"https:\/\/www.newlifecyprus.com\/de\/wp-json\/wp\/v2\/types\/page"}],"author":[{"embeddable":true,"href":"https:\/\/www.newlifecyprus.com\/de\/wp-json\/wp\/v2\/users\/1"}],"replies":[{"embeddable":true,"href":"https:\/\/www.newlifecyprus.com\/de\/wp-json\/wp\/v2\/comments?post=17991"}],"version-history":[{"count":0,"href":"https:\/\/www.newlifecyprus.com\/de\/wp-json\/wp\/v2\/pages\/17991\/revisions"}],"wp:attachment":[{"href":"https:\/\/www.newlifecyprus.com\/de\/wp-json\/wp\/v2\/media?parent=17991"}],"curies":[{"name":"wp","href":"https:\/\/api.w.org\/{rel}","templated":true}]}}