{"id":33471,"date":"2018-01-24T11:31:26","date_gmt":"2018-01-24T11:31:26","guid":{"rendered":"https:\/\/www.newlifeturkey.com\/wohnungen-in-alanya-copy\/"},"modified":"2023-04-07T05:48:31","modified_gmt":"2023-04-07T05:48:31","slug":"immobilien-zypern-copy-2","status":"publish","type":"page","link":"https:\/\/www.newlifecyprus.com\/de\/immobilien-zypern-copy-2\/","title":{"rendered":"Immobilien in Zypern Copy 2"},"content":{"rendered":"<h2><strong>Immobilien in Zypern<\/strong><\/h2>\n<p>Wir sind der Immobilienmakler Ihres Vertrauens. New Life Immobilien ist ein Unternehmen, welches sich nicht nur auf den Verkauf von Wohnungen in Alanya sondern auch auf den Verkauf von <a href=\"https:\/\/www.newlifeturkey.com\/de\/immobilien-in-zypern\/\">Immobilien in Zypern<\/a> spezialisiert hat.<\/p>\n<p>Die Republik Zypern ist ein Inselstaat im \u00f6stlichen Mittelmeer. Der Staat entstand am 16. August 1960 durch Unabh\u00e4ngigkeit der bisherigen Kronkolonie vom Vereinigten K\u00f6nigreich. Im Jahr 1974 wurde im Norden der Insel die T\u00fcrkische Republik Nordzypern gegr\u00fcndet.<\/p>\n<h4>Warum Sie sich f\u00fcr eine der Immobilien in Zypern entscheiden sollten.<\/h4>\n<p>Zypern genie\u00dft ein intensives mediterranes Klima mit langen trockenen Sommern von Mitte Mai bis Mitte Oktober und milden Wintern von Dezember bis Februar, die durch kurze Herbst- und Fr\u00fchlingszeiten getrennt sind.<\/p>\n<p>Der Sommer ist gepr\u00e4gt durch hohen Temperaturen mit wolkenlosem Himmel, die Meeresbrise jedoch schafft eine angenehme Atmosph\u00e4re in den K\u00fcstengebieten.<\/p>\n<p>Die offiziellen Sprachen der Insel sind t\u00fcrkisch und griechisch. Zypern ist ein multikultureller Inselstaat. W\u00e4hrend die Mehrheit der griechischen Zyprioten griechisch-orthodoxe Christen sind, sind die t\u00fcrkischen Zyprioten \u00fcberwiegend muslimisch.<\/p>\n<p>Wir haben die passenden Angebote f\u00fcr jeden Geschmack und f\u00fcr jeden Geldbeutel. \u00dcberzeugen Sie sich selbst!\u00a0Besuchen Sie auch unsere Seite auf <a href=\"https:\/\/www.facebook.com\/newlifeturkeyinalanya\/\">Facebook<\/a> oder rufen Sie uns an.<\/p>\n","protected":false},"excerpt":{"rendered":"<p>Immobilien in Zypern Wir sind der Immobilienmakler Ihres Vertrauens. New Life Immobilien ist ein Unternehmen, welches sich nicht nur auf den Verkauf von Wohnungen in Alanya sondern auch auf den Verkauf von Immobilien in Zypern spezialisiert hat. Die Republik Zypern ist ein Inselstaat im \u00f6stlichen Mittelmeer. Der Staat entstand am 16. August 1960 durch Unabh\u00e4ngigkeit der bisherigen Kronkolonie vom Vereinigten K\u00f6nigreich. Im Jahr 1974 &#8230;<\/p>\n","protected":false},"author":1,"featured_media":0,"parent":0,"menu_order":0,"comment_status":"closed","ping_status":"closed","template":"property_list.php","meta":{"footnotes":""},"class_list":["post-33471","page","type-page","status-publish","hentry"],"yoast_head":"<!-- This site is optimized with the Yoast SEO plugin v25.3 - https:\/\/yoast.com\/wordpress\/plugins\/seo\/ -->\n<title>Immobilien in Zypern - Mit uns finden Sie Ihre Immmobilie auf Zypern<\/title>\n<meta name=\"description\" content=\"Wir sind der Immobilienmakler Ihres Vertrauens. New Life Immobilien ist ein Unternehmen, welches sich nicht nur auf den Verkauf von Wohnungen in Alanya sondern auch auf den Verkauf von Immobilien in Zypern spezialisiert hat.\" \/>\n<meta name=\"robots\" content=\"index, follow, max-snippet:-1, max-image-preview:large, max-video-preview:-1\" \/>\n<link rel=\"canonical\" href=\"https:\/\/www.newlifecyprus.com\/de\/immobilien-zypern-copy-2\/\" \/>\n<meta property=\"og:locale\" content=\"de_DE\" \/>\n<meta property=\"og:type\" content=\"article\" \/>\n<meta property=\"og:title\" content=\"Immobilien in Zypern - Mit uns finden Sie Ihre Immmobilie auf Zypern\" \/>\n<meta property=\"og:description\" content=\"Wir sind der Immobilienmakler Ihres Vertrauens. New Life Immobilien ist ein Unternehmen, welches sich nicht nur auf den Verkauf von Wohnungen in Alanya sondern auch auf den Verkauf von Immobilien in Zypern spezialisiert hat.\" \/>\n<meta property=\"og:url\" content=\"https:\/\/www.newlifecyprus.com\/de\/immobilien-zypern-copy-2\/\" \/>\n<meta property=\"og:site_name\" content=\"Immobilien in Zypern\" \/>\n<meta property=\"article:publisher\" content=\"https:\/\/www.facebook.com\/newlifeturkeyinalanya\/\" \/>\n<meta property=\"article:modified_time\" content=\"2023-04-07T05:48:31+00:00\" \/>\n<meta name=\"twitter:card\" content=\"summary_large_image\" \/>\n<meta name=\"twitter:site\" content=\"@NewLifeAlanya\" \/>\n<meta name=\"twitter:label1\" content=\"Gesch\u00e4tzte Lesezeit\" \/>\n\t<meta name=\"twitter:data1\" content=\"1 Minute\" \/>\n<script type=\"application\/ld+json\" class=\"yoast-schema-graph\">{\"@context\":\"https:\/\/schema.org\",\"@graph\":[{\"@type\":\"WebPage\",\"@id\":\"https:\/\/www.newlifecyprus.com\/de\/immobilien-zypern-copy-2\/\",\"url\":\"https:\/\/www.newlifecyprus.com\/de\/immobilien-zypern-copy-2\/\",\"name\":\"Immobilien in Zypern - Mit uns finden Sie Ihre Immmobilie auf Zypern\",\"isPartOf\":{\"@id\":\"https:\/\/www.newlifecyprus.com\/de\/#website\"},\"datePublished\":\"2018-01-24T11:31:26+00:00\",\"dateModified\":\"2023-04-07T05:48:31+00:00\",\"description\":\"Wir sind der Immobilienmakler Ihres Vertrauens. New Life Immobilien ist ein Unternehmen, welches sich nicht nur auf den Verkauf von Wohnungen in Alanya sondern auch auf den Verkauf von Immobilien in Zypern spezialisiert hat.\",\"breadcrumb\":{\"@id\":\"https:\/\/www.newlifecyprus.com\/de\/immobilien-zypern-copy-2\/#breadcrumb\"},\"inLanguage\":\"de-DE\",\"potentialAction\":[{\"@type\":\"ReadAction\",\"target\":[\"https:\/\/www.newlifecyprus.com\/de\/immobilien-zypern-copy-2\/\"]}]},{\"@type\":\"BreadcrumbList\",\"@id\":\"https:\/\/www.newlifecyprus.com\/de\/immobilien-zypern-copy-2\/#breadcrumb\",\"itemListElement\":[{\"@type\":\"ListItem\",\"position\":1,\"name\":\"Home\",\"item\":\"https:\/\/www.newlifecyprus.com\/de\/startseite\/\"},{\"@type\":\"ListItem\",\"position\":2,\"name\":\"Immobilien in Zypern Copy 2\"}]},{\"@type\":\"WebSite\",\"@id\":\"https:\/\/www.newlifecyprus.com\/de\/#website\",\"url\":\"https:\/\/www.newlifecyprus.com\/de\/\",\"name\":\"Properties in Cyprus\",\"description\":\"New Life Cyprus\",\"publisher\":{\"@id\":\"https:\/\/www.newlifecyprus.com\/de\/#organization\"},\"potentialAction\":[{\"@type\":\"SearchAction\",\"target\":{\"@type\":\"EntryPoint\",\"urlTemplate\":\"https:\/\/www.newlifecyprus.com\/de\/?s={search_term_string}\"},\"query-input\":{\"@type\":\"PropertyValueSpecification\",\"valueRequired\":true,\"valueName\":\"search_term_string\"}}],\"inLanguage\":\"de-DE\"},{\"@type\":\"Organization\",\"@id\":\"https:\/\/www.newlifecyprus.com\/de\/#organization\",\"name\":\"Properties in Cyprus\",\"url\":\"https:\/\/www.newlifecyprus.com\/de\/\",\"logo\":{\"@type\":\"ImageObject\",\"inLanguage\":\"de-DE\",\"@id\":\"https:\/\/www.newlifecyprus.com\/de\/#\/schema\/logo\/image\/\",\"url\":\"https:\/\/www.newlifecyprus.com\/wp-content\/uploads\/2022\/05\/logo-205.png\",\"contentUrl\":\"https:\/\/www.newlifecyprus.com\/wp-content\/uploads\/2022\/05\/logo-205.png\",\"width\":205,\"height\":46,\"caption\":\"Properties in Cyprus\"},\"image\":{\"@id\":\"https:\/\/www.newlifecyprus.com\/de\/#\/schema\/logo\/image\/\"},\"sameAs\":[\"https:\/\/www.facebook.com\/newlifeturkeyinalanya\/\",\"https:\/\/x.com\/NewLifeAlanya\"]}]}<\/script>\n<!-- \/ Yoast SEO plugin. -->","yoast_head_json":{"title":"Immobilien in Zypern - Mit uns finden Sie Ihre Immmobilie auf Zypern","description":"Wir sind der Immobilienmakler Ihres Vertrauens. New Life Immobilien ist ein Unternehmen, welches sich nicht nur auf den Verkauf von Wohnungen in Alanya sondern auch auf den Verkauf von Immobilien in Zypern spezialisiert hat.","robots":{"index":"index","follow":"follow","max-snippet":"max-snippet:-1","max-image-preview":"max-image-preview:large","max-video-preview":"max-video-preview:-1"},"canonical":"https:\/\/www.newlifecyprus.com\/de\/immobilien-zypern-copy-2\/","og_locale":"de_DE","og_type":"article","og_title":"Immobilien in Zypern - Mit uns finden Sie Ihre Immmobilie auf Zypern","og_description":"Wir sind der Immobilienmakler Ihres Vertrauens. New Life Immobilien ist ein Unternehmen, welches sich nicht nur auf den Verkauf von Wohnungen in Alanya sondern auch auf den Verkauf von Immobilien in Zypern spezialisiert hat.","og_url":"https:\/\/www.newlifecyprus.com\/de\/immobilien-zypern-copy-2\/","og_site_name":"Immobilien in Zypern","article_publisher":"https:\/\/www.facebook.com\/newlifeturkeyinalanya\/","article_modified_time":"2023-04-07T05:48:31+00:00","twitter_card":"summary_large_image","twitter_site":"@NewLifeAlanya","twitter_misc":{"Gesch\u00e4tzte Lesezeit":"1 Minute"},"schema":{"@context":"https:\/\/schema.org","@graph":[{"@type":"WebPage","@id":"https:\/\/www.newlifecyprus.com\/de\/immobilien-zypern-copy-2\/","url":"https:\/\/www.newlifecyprus.com\/de\/immobilien-zypern-copy-2\/","name":"Immobilien in Zypern - Mit uns finden Sie Ihre Immmobilie auf Zypern","isPartOf":{"@id":"https:\/\/www.newlifecyprus.com\/de\/#website"},"datePublished":"2018-01-24T11:31:26+00:00","dateModified":"2023-04-07T05:48:31+00:00","description":"Wir sind der Immobilienmakler Ihres Vertrauens. New Life Immobilien ist ein Unternehmen, welches sich nicht nur auf den Verkauf von Wohnungen in Alanya sondern auch auf den Verkauf von Immobilien in Zypern spezialisiert hat.","breadcrumb":{"@id":"https:\/\/www.newlifecyprus.com\/de\/immobilien-zypern-copy-2\/#breadcrumb"},"inLanguage":"de-DE","potentialAction":[{"@type":"ReadAction","target":["https:\/\/www.newlifecyprus.com\/de\/immobilien-zypern-copy-2\/"]}]},{"@type":"BreadcrumbList","@id":"https:\/\/www.newlifecyprus.com\/de\/immobilien-zypern-copy-2\/#breadcrumb","itemListElement":[{"@type":"ListItem","position":1,"name":"Home","item":"https:\/\/www.newlifecyprus.com\/de\/startseite\/"},{"@type":"ListItem","position":2,"name":"Immobilien in Zypern Copy 2"}]},{"@type":"WebSite","@id":"https:\/\/www.newlifecyprus.com\/de\/#website","url":"https:\/\/www.newlifecyprus.com\/de\/","name":"Properties in Cyprus","description":"New Life Cyprus","publisher":{"@id":"https:\/\/www.newlifecyprus.com\/de\/#organization"},"potentialAction":[{"@type":"SearchAction","target":{"@type":"EntryPoint","urlTemplate":"https:\/\/www.newlifecyprus.com\/de\/?s={search_term_string}"},"query-input":{"@type":"PropertyValueSpecification","valueRequired":true,"valueName":"search_term_string"}}],"inLanguage":"de-DE"},{"@type":"Organization","@id":"https:\/\/www.newlifecyprus.com\/de\/#organization","name":"Properties in Cyprus","url":"https:\/\/www.newlifecyprus.com\/de\/","logo":{"@type":"ImageObject","inLanguage":"de-DE","@id":"https:\/\/www.newlifecyprus.com\/de\/#\/schema\/logo\/image\/","url":"https:\/\/www.newlifecyprus.com\/wp-content\/uploads\/2022\/05\/logo-205.png","contentUrl":"https:\/\/www.newlifecyprus.com\/wp-content\/uploads\/2022\/05\/logo-205.png","width":205,"height":46,"caption":"Properties in Cyprus"},"image":{"@id":"https:\/\/www.newlifecyprus.com\/de\/#\/schema\/logo\/image\/"},"sameAs":["https:\/\/www.facebook.com\/newlifeturkeyinalanya\/","https:\/\/x.com\/NewLifeAlanya"]}]}},"_links":{"self":[{"href":"https:\/\/www.newlifecyprus.com\/de\/wp-json\/wp\/v2\/pages\/33471"}],"collection":[{"href":"https:\/\/www.newlifecyprus.com\/de\/wp-json\/wp\/v2\/pages"}],"about":[{"href":"https:\/\/www.newlifecyprus.com\/de\/wp-json\/wp\/v2\/types\/page"}],"author":[{"embeddable":true,"href":"https:\/\/www.newlifecyprus.com\/de\/wp-json\/wp\/v2\/users\/1"}],"replies":[{"embeddable":true,"href":"https:\/\/www.newlifecyprus.com\/de\/wp-json\/wp\/v2\/comments?post=33471"}],"version-history":[{"count":6,"href":"https:\/\/www.newlifecyprus.com\/de\/wp-json\/wp\/v2\/pages\/33471\/revisions"}],"predecessor-version":[{"id":46526,"href":"https:\/\/www.newlifecyprus.com\/de\/wp-json\/wp\/v2\/pages\/33471\/revisions\/46526"}],"wp:attachment":[{"href":"https:\/\/www.newlifecyprus.com\/de\/wp-json\/wp\/v2\/media?parent=33471"}],"curies":[{"name":"wp","href":"https:\/\/api.w.org\/{rel}","templated":true}]}}