{"id":34307,"date":"2018-01-29T08:02:00","date_gmt":"2018-01-29T08:02:00","guid":{"rendered":"https:\/\/www.newlifeturkey.com\/immobilien-in-zypern-copy\/"},"modified":"2018-02-17T12:53:54","modified_gmt":"2018-02-17T12:53:54","slug":"immobilien-in-istanbul","status":"publish","type":"page","link":"https:\/\/www.newlifecyprus.com\/de\/immobilien-in-istanbul\/","title":{"rendered":"Immobilien in Istanbul"},"content":{"rendered":"<h2><strong>Immobilien in Istanbul<\/strong><\/h2>\n<p>Wir sind der Immobilienmakler Ihres Vertrauens. New Life Immobilien ist ein Unternehmen, welches sich nicht nur auf den Verkauf von Wohnungen in Alanya sondern auch auf den Verkauf von <a href=\"https:\/\/www.newlifeturkey.com\/de\/immobilien-in-istanbul\/\">Immobilien in Istanbul<\/a> spezialisiert hat.<\/p>\n<p style=\"text-align: justify;\">Die Stadt liegt am Nordufer des Marmarameeres auf beiden Seiten des Bosporus, also zum einen Teil auf dem europ\u00e4ischen Kontinent und zum anderen auf dem asiatischen Kontinent. Istanbul liegt im Westen der T\u00fcrkei und umschlie\u00dft den Bosporus. Das Goldene Horn ist eine nach Westen verlaufende Bosporusbucht und trennt den europ\u00e4ischen Teil in einen s\u00fcdlichen und n\u00f6rdlichen Bereich.<\/p>\n<p style=\"text-align: justify;\">Der s\u00fcdliche Teil ist eine zwischen Marmarameer und Goldenem Horn liegende Halbinsel mit dem historischen Kern der Stadt. N\u00f6rdlich davon liegen die an das historische Galata und Pera anschlie\u00dfenden Stadtteile. Sowohl nach Westen als auch nach Norden und Osten w\u00e4chst die Metropole weit \u00fcber die historischen Stadtteile hinaus. Im S\u00fcdosten liegen die zu Istanbul geh\u00f6renden Prinzeninseln.<\/p>\n<h4>Warum Sie sich f\u00fcr eine der Immobilien in Istanbul entscheiden sollten.<\/h4>\n<p style=\"text-align: justify;\">Istanbul, fr\u00fcher Konstantinopel, ist die bev\u00f6lkerungsreichste Stadt der T\u00fcrkei. Mit rund 14 Millionen Einwohnern belegte die Metropolregion 2014 den 15. Platz unter den gr\u00f6\u00dften Metropolregionen der Welt ein. Man geht jedoch davon aus, dass die Einwohnerzahl noch weitaus h\u00f6her liegt. Mit j\u00e4hrlich knapp 12 Millionen Touristen ist Istanbul die Stadt mit der achtgr\u00f6\u00dften Besucherzahl der Welt.<\/p>\n<p>Wir haben die passenden Angebote f\u00fcr jeden Geschmack und f\u00fcr jeden Geldbeutel. \u00dcberzeugen Sie sich selbst!\u00a0Besuchen Sie auch unsere Seite auf <a href=\"https:\/\/www.facebook.com\/newlifeturkeyinalanya\/\">Facebook<\/a> oder rufen Sie uns an.<\/p>\n","protected":false},"excerpt":{"rendered":"<p>Immobilien in Istanbul Wir sind der Immobilienmakler Ihres Vertrauens. New Life Immobilien ist ein Unternehmen, welches sich nicht nur auf den Verkauf von Wohnungen in Alanya sondern auch auf den Verkauf von Immobilien in Istanbul spezialisiert hat. Die Stadt liegt am Nordufer des Marmarameeres auf beiden Seiten des Bosporus, also zum einen Teil auf dem europ\u00e4ischen Kontinent und zum anderen auf dem asiatischen Kontinent. &#8230;<\/p>\n","protected":false},"author":1,"featured_media":0,"parent":0,"menu_order":0,"comment_status":"closed","ping_status":"closed","template":"property_list.php","meta":{"footnotes":""},"class_list":["post-34307","page","type-page","status-publish","hentry"],"yoast_head":"<!-- This site is optimized with the Yoast SEO plugin v25.3 - https:\/\/yoast.com\/wordpress\/plugins\/seo\/ -->\n<title>Immobilien in Istanbul - Mit uns finden Sie Ihre Immmobilie in Istanbul<\/title>\n<meta name=\"description\" content=\"Wir sind der Immobilienmakler Ihres Vertrauens. New Life Immobilien ist ein Unternehmen, welches sich nicht nur auf den Verkauf von Wohnungen in Alanya sondern auch auf den Verkauf von Immobilien in Istanbul spezialisiert hat.\" \/>\n<meta name=\"robots\" content=\"index, follow, max-snippet:-1, max-image-preview:large, max-video-preview:-1\" \/>\n<link rel=\"canonical\" href=\"https:\/\/www.newlifecyprus.com\/de\/immobilien-in-istanbul\/\" \/>\n<meta property=\"og:locale\" content=\"de_DE\" \/>\n<meta property=\"og:type\" content=\"article\" \/>\n<meta property=\"og:title\" content=\"Immobilien in Istanbul - Mit uns finden Sie Ihre Immmobilie in Istanbul\" \/>\n<meta property=\"og:description\" content=\"Wir sind der Immobilienmakler Ihres Vertrauens. New Life Immobilien ist ein Unternehmen, welches sich nicht nur auf den Verkauf von Wohnungen in Alanya sondern auch auf den Verkauf von Immobilien in Istanbul spezialisiert hat.\" \/>\n<meta property=\"og:url\" content=\"https:\/\/www.newlifecyprus.com\/de\/immobilien-in-istanbul\/\" \/>\n<meta property=\"og:site_name\" content=\"Immobilien in Zypern\" \/>\n<meta property=\"article:publisher\" content=\"https:\/\/www.facebook.com\/newlifeturkeyinalanya\/\" \/>\n<meta property=\"article:modified_time\" content=\"2018-02-17T12:53:54+00:00\" \/>\n<meta name=\"twitter:card\" content=\"summary_large_image\" \/>\n<meta name=\"twitter:site\" content=\"@NewLifeAlanya\" \/>\n<meta name=\"twitter:label1\" content=\"Gesch\u00e4tzte Lesezeit\" \/>\n\t<meta name=\"twitter:data1\" content=\"1 Minute\" \/>\n<script type=\"application\/ld+json\" class=\"yoast-schema-graph\">{\"@context\":\"https:\/\/schema.org\",\"@graph\":[{\"@type\":\"WebPage\",\"@id\":\"https:\/\/www.newlifecyprus.com\/de\/immobilien-in-istanbul\/\",\"url\":\"https:\/\/www.newlifecyprus.com\/de\/immobilien-in-istanbul\/\",\"name\":\"Immobilien in Istanbul - Mit uns finden Sie Ihre Immmobilie in Istanbul\",\"isPartOf\":{\"@id\":\"https:\/\/www.newlifecyprus.com\/de\/#website\"},\"datePublished\":\"2018-01-29T08:02:00+00:00\",\"dateModified\":\"2018-02-17T12:53:54+00:00\",\"description\":\"Wir sind der Immobilienmakler Ihres Vertrauens. New Life Immobilien ist ein Unternehmen, welches sich nicht nur auf den Verkauf von Wohnungen in Alanya sondern auch auf den Verkauf von Immobilien in Istanbul spezialisiert hat.\",\"breadcrumb\":{\"@id\":\"https:\/\/www.newlifecyprus.com\/de\/immobilien-in-istanbul\/#breadcrumb\"},\"inLanguage\":\"de-DE\",\"potentialAction\":[{\"@type\":\"ReadAction\",\"target\":[\"https:\/\/www.newlifecyprus.com\/de\/immobilien-in-istanbul\/\"]}]},{\"@type\":\"BreadcrumbList\",\"@id\":\"https:\/\/www.newlifecyprus.com\/de\/immobilien-in-istanbul\/#breadcrumb\",\"itemListElement\":[{\"@type\":\"ListItem\",\"position\":1,\"name\":\"Home\",\"item\":\"https:\/\/www.newlifecyprus.com\/de\/startseite\/\"},{\"@type\":\"ListItem\",\"position\":2,\"name\":\"Immobilien in Istanbul\"}]},{\"@type\":\"WebSite\",\"@id\":\"https:\/\/www.newlifecyprus.com\/de\/#website\",\"url\":\"https:\/\/www.newlifecyprus.com\/de\/\",\"name\":\"Properties in Cyprus\",\"description\":\"New Life Cyprus\",\"publisher\":{\"@id\":\"https:\/\/www.newlifecyprus.com\/de\/#organization\"},\"potentialAction\":[{\"@type\":\"SearchAction\",\"target\":{\"@type\":\"EntryPoint\",\"urlTemplate\":\"https:\/\/www.newlifecyprus.com\/de\/?s={search_term_string}\"},\"query-input\":{\"@type\":\"PropertyValueSpecification\",\"valueRequired\":true,\"valueName\":\"search_term_string\"}}],\"inLanguage\":\"de-DE\"},{\"@type\":\"Organization\",\"@id\":\"https:\/\/www.newlifecyprus.com\/de\/#organization\",\"name\":\"Properties in Cyprus\",\"url\":\"https:\/\/www.newlifecyprus.com\/de\/\",\"logo\":{\"@type\":\"ImageObject\",\"inLanguage\":\"de-DE\",\"@id\":\"https:\/\/www.newlifecyprus.com\/de\/#\/schema\/logo\/image\/\",\"url\":\"https:\/\/www.newlifecyprus.com\/wp-content\/uploads\/2022\/05\/logo-205.png\",\"contentUrl\":\"https:\/\/www.newlifecyprus.com\/wp-content\/uploads\/2022\/05\/logo-205.png\",\"width\":205,\"height\":46,\"caption\":\"Properties in Cyprus\"},\"image\":{\"@id\":\"https:\/\/www.newlifecyprus.com\/de\/#\/schema\/logo\/image\/\"},\"sameAs\":[\"https:\/\/www.facebook.com\/newlifeturkeyinalanya\/\",\"https:\/\/x.com\/NewLifeAlanya\"]}]}<\/script>\n<!-- \/ Yoast SEO plugin. -->","yoast_head_json":{"title":"Immobilien in Istanbul - Mit uns finden Sie Ihre Immmobilie in Istanbul","description":"Wir sind der Immobilienmakler Ihres Vertrauens. New Life Immobilien ist ein Unternehmen, welches sich nicht nur auf den Verkauf von Wohnungen in Alanya sondern auch auf den Verkauf von Immobilien in Istanbul spezialisiert hat.","robots":{"index":"index","follow":"follow","max-snippet":"max-snippet:-1","max-image-preview":"max-image-preview:large","max-video-preview":"max-video-preview:-1"},"canonical":"https:\/\/www.newlifecyprus.com\/de\/immobilien-in-istanbul\/","og_locale":"de_DE","og_type":"article","og_title":"Immobilien in Istanbul - Mit uns finden Sie Ihre Immmobilie in Istanbul","og_description":"Wir sind der Immobilienmakler Ihres Vertrauens. New Life Immobilien ist ein Unternehmen, welches sich nicht nur auf den Verkauf von Wohnungen in Alanya sondern auch auf den Verkauf von Immobilien in Istanbul spezialisiert hat.","og_url":"https:\/\/www.newlifecyprus.com\/de\/immobilien-in-istanbul\/","og_site_name":"Immobilien in Zypern","article_publisher":"https:\/\/www.facebook.com\/newlifeturkeyinalanya\/","article_modified_time":"2018-02-17T12:53:54+00:00","twitter_card":"summary_large_image","twitter_site":"@NewLifeAlanya","twitter_misc":{"Gesch\u00e4tzte Lesezeit":"1 Minute"},"schema":{"@context":"https:\/\/schema.org","@graph":[{"@type":"WebPage","@id":"https:\/\/www.newlifecyprus.com\/de\/immobilien-in-istanbul\/","url":"https:\/\/www.newlifecyprus.com\/de\/immobilien-in-istanbul\/","name":"Immobilien in Istanbul - Mit uns finden Sie Ihre Immmobilie in Istanbul","isPartOf":{"@id":"https:\/\/www.newlifecyprus.com\/de\/#website"},"datePublished":"2018-01-29T08:02:00+00:00","dateModified":"2018-02-17T12:53:54+00:00","description":"Wir sind der Immobilienmakler Ihres Vertrauens. New Life Immobilien ist ein Unternehmen, welches sich nicht nur auf den Verkauf von Wohnungen in Alanya sondern auch auf den Verkauf von Immobilien in Istanbul spezialisiert hat.","breadcrumb":{"@id":"https:\/\/www.newlifecyprus.com\/de\/immobilien-in-istanbul\/#breadcrumb"},"inLanguage":"de-DE","potentialAction":[{"@type":"ReadAction","target":["https:\/\/www.newlifecyprus.com\/de\/immobilien-in-istanbul\/"]}]},{"@type":"BreadcrumbList","@id":"https:\/\/www.newlifecyprus.com\/de\/immobilien-in-istanbul\/#breadcrumb","itemListElement":[{"@type":"ListItem","position":1,"name":"Home","item":"https:\/\/www.newlifecyprus.com\/de\/startseite\/"},{"@type":"ListItem","position":2,"name":"Immobilien in Istanbul"}]},{"@type":"WebSite","@id":"https:\/\/www.newlifecyprus.com\/de\/#website","url":"https:\/\/www.newlifecyprus.com\/de\/","name":"Properties in Cyprus","description":"New Life Cyprus","publisher":{"@id":"https:\/\/www.newlifecyprus.com\/de\/#organization"},"potentialAction":[{"@type":"SearchAction","target":{"@type":"EntryPoint","urlTemplate":"https:\/\/www.newlifecyprus.com\/de\/?s={search_term_string}"},"query-input":{"@type":"PropertyValueSpecification","valueRequired":true,"valueName":"search_term_string"}}],"inLanguage":"de-DE"},{"@type":"Organization","@id":"https:\/\/www.newlifecyprus.com\/de\/#organization","name":"Properties in Cyprus","url":"https:\/\/www.newlifecyprus.com\/de\/","logo":{"@type":"ImageObject","inLanguage":"de-DE","@id":"https:\/\/www.newlifecyprus.com\/de\/#\/schema\/logo\/image\/","url":"https:\/\/www.newlifecyprus.com\/wp-content\/uploads\/2022\/05\/logo-205.png","contentUrl":"https:\/\/www.newlifecyprus.com\/wp-content\/uploads\/2022\/05\/logo-205.png","width":205,"height":46,"caption":"Properties in Cyprus"},"image":{"@id":"https:\/\/www.newlifecyprus.com\/de\/#\/schema\/logo\/image\/"},"sameAs":["https:\/\/www.facebook.com\/newlifeturkeyinalanya\/","https:\/\/x.com\/NewLifeAlanya"]}]}},"_links":{"self":[{"href":"https:\/\/www.newlifecyprus.com\/de\/wp-json\/wp\/v2\/pages\/34307"}],"collection":[{"href":"https:\/\/www.newlifecyprus.com\/de\/wp-json\/wp\/v2\/pages"}],"about":[{"href":"https:\/\/www.newlifecyprus.com\/de\/wp-json\/wp\/v2\/types\/page"}],"author":[{"embeddable":true,"href":"https:\/\/www.newlifecyprus.com\/de\/wp-json\/wp\/v2\/users\/1"}],"replies":[{"embeddable":true,"href":"https:\/\/www.newlifecyprus.com\/de\/wp-json\/wp\/v2\/comments?post=34307"}],"version-history":[{"count":3,"href":"https:\/\/www.newlifecyprus.com\/de\/wp-json\/wp\/v2\/pages\/34307\/revisions"}],"predecessor-version":[{"id":34367,"href":"https:\/\/www.newlifecyprus.com\/de\/wp-json\/wp\/v2\/pages\/34307\/revisions\/34367"}],"wp:attachment":[{"href":"https:\/\/www.newlifecyprus.com\/de\/wp-json\/wp\/v2\/media?parent=34307"}],"curies":[{"name":"wp","href":"https:\/\/api.w.org\/{rel}","templated":true}]}}