{"id":5707,"date":"2015-02-19T09:48:19","date_gmt":"2015-02-19T09:48:19","guid":{"rendered":"http:\/\/demo2.wpresidence.net\/?page_id=5707"},"modified":"2023-04-06T12:12:49","modified_gmt":"2023-04-06T12:12:49","slug":"kontakt","status":"publish","type":"page","link":"https:\/\/www.newlifecyprus.com\/de\/kontakt\/","title":{"rendered":"Kontakt"},"content":{"rendered":"<p>[vc_row][vc_column][vc_empty_space height=&#8220;30&#8243;][vc_column_text]<\/p>\n<p style=\"text-align: justify;\">Wir sind ein junges, dynamisches Unternehmen. Wir bieten genau das, was Sie suchen. Mit uns finden Sie einen zuverl\u00e4ssigen Partner. Unsere langj\u00e4hrige Erfahrung auf dem Immobilienmarkt in Zypern spricht f\u00fcr uns. Wir verkaufen nicht nur eine Wohnungen in Zypern. Sondern wir schaffen Ihr neues Zuhause und Sie Ihre leben Tr\u00e4ume.<\/p>\n<p>&nbsp;<\/p>\n<p style=\"text-align: justify;\">Wir bieten nur ausgew\u00e4hlte Immobilien zum Verkauf an. Wir verwicklichen Ihren Traum von Ihrem neuen Eigentum in Zypern. Unser Team begleitet Sie auf diesem Weg. Ein eingehendes Gespr\u00e4ch \u00fcber Ihre W\u00fcnsche ist das Wichtigste f\u00fcr einen professionellen Immobilienmakler. Wir nehmen uns die Zeit, Ihnen auf Ihrer Suche zu helfen.<\/p>\n<p>&nbsp;<\/p>\n<p style=\"text-align: justify;\">M\u00f6chten Sie mehr erfahren oder w\u00fcnschen Sie bereits ein erstes Angebot? Schicken Sie uns einfach eine E-Mail an info@newlifeturkey.com oder <a href=\"https:\/\/wa.link\/rlkijr\">rufen Sie uns an<\/a>. Finden Sie <a href=\"https:\/\/www.newlifecyprus.com\/de\/immobilien-in-zypern-turkei\/\">hier eine Auswahl<\/a> unserer Angebote.<\/p>\n<p>[\/vc_column_text][\/vc_column][\/vc_row]<\/p>\n","protected":false},"excerpt":{"rendered":"<p>[vc_row][vc_column][vc_empty_space height=&#8220;30&#8243;][vc_column_text] Wir sind ein junges, dynamisches Unternehmen. Wir bieten genau das, was Sie suchen. Mit uns finden Sie einen zuverl\u00e4ssigen Partner. Unsere langj\u00e4hrige Erfahrung auf dem Immobilienmarkt in Zypern spricht f\u00fcr uns. Wir verkaufen nicht nur eine Wohnungen in Zypern. Sondern wir schaffen Ihr neues Zuhause und Sie Ihre leben Tr\u00e4ume. &nbsp; Wir bieten nur ausgew\u00e4hlte Immobilien zum Verkauf an. Wir verwicklichen Ihren &#8230;<\/p>\n","protected":false},"author":1,"featured_media":0,"parent":0,"menu_order":0,"comment_status":"closed","ping_status":"closed","template":"contact_page.php","meta":{"footnotes":""},"class_list":["post-5707","page","type-page","status-publish","hentry"],"yoast_head":"<!-- This site is optimized with the Yoast SEO plugin v25.3 - https:\/\/yoast.com\/wordpress\/plugins\/seo\/ -->\n<title>Kontakt - F\u00fcr mehr Informationen \u00fcber Wohnungen in Zypern<\/title>\n<meta name=\"description\" content=\"Gemeinsam mit uns finden Sie einen zuverl\u00e4ssigen Partner mit langj\u00e4hriger Erfahrung auf dem Immobilienmarkt in Zypern. Wir verkaufen nicht nur eine Wohnungen in Zypern. Wir schaffen Ihr neues Zuhause, wo Sie Ihre Tr\u00e4ume leben k\u00f6nnen.\" \/>\n<meta name=\"robots\" content=\"index, follow, max-snippet:-1, max-image-preview:large, max-video-preview:-1\" \/>\n<link rel=\"canonical\" href=\"https:\/\/www.newlifecyprus.com\/de\/kontakt\/\" \/>\n<meta property=\"og:locale\" content=\"de_DE\" \/>\n<meta property=\"og:type\" content=\"article\" \/>\n<meta property=\"og:title\" content=\"Kontakt - F\u00fcr mehr Informationen \u00fcber Wohnungen in Zypern\" \/>\n<meta property=\"og:description\" content=\"Gemeinsam mit uns finden Sie einen zuverl\u00e4ssigen Partner mit langj\u00e4hriger Erfahrung auf dem Immobilienmarkt in Zypern. Wir verkaufen nicht nur eine Wohnungen in Zypern. Wir schaffen Ihr neues Zuhause, wo Sie Ihre Tr\u00e4ume leben k\u00f6nnen.\" \/>\n<meta property=\"og:url\" content=\"https:\/\/www.newlifecyprus.com\/de\/kontakt\/\" \/>\n<meta property=\"og:site_name\" content=\"Immobilien in Zypern\" \/>\n<meta property=\"article:publisher\" content=\"https:\/\/www.facebook.com\/newlifeturkeyinalanya\/\" \/>\n<meta property=\"article:modified_time\" content=\"2023-04-06T12:12:49+00:00\" \/>\n<meta name=\"twitter:card\" content=\"summary_large_image\" \/>\n<meta name=\"twitter:site\" content=\"@NewLifeAlanya\" \/>\n<meta name=\"twitter:label1\" content=\"Gesch\u00e4tzte Lesezeit\" \/>\n\t<meta name=\"twitter:data1\" content=\"1 Minute\" \/>\n<script type=\"application\/ld+json\" class=\"yoast-schema-graph\">{\"@context\":\"https:\/\/schema.org\",\"@graph\":[{\"@type\":\"WebPage\",\"@id\":\"https:\/\/www.newlifecyprus.com\/de\/kontakt\/\",\"url\":\"https:\/\/www.newlifecyprus.com\/de\/kontakt\/\",\"name\":\"Kontakt - F\u00fcr mehr Informationen \u00fcber Wohnungen in Zypern\",\"isPartOf\":{\"@id\":\"https:\/\/www.newlifecyprus.com\/de\/#website\"},\"datePublished\":\"2015-02-19T09:48:19+00:00\",\"dateModified\":\"2023-04-06T12:12:49+00:00\",\"description\":\"Gemeinsam mit uns finden Sie einen zuverl\u00e4ssigen Partner mit langj\u00e4hriger Erfahrung auf dem Immobilienmarkt in Zypern. Wir verkaufen nicht nur eine Wohnungen in Zypern. Wir schaffen Ihr neues Zuhause, wo Sie Ihre Tr\u00e4ume leben k\u00f6nnen.\",\"breadcrumb\":{\"@id\":\"https:\/\/www.newlifecyprus.com\/de\/kontakt\/#breadcrumb\"},\"inLanguage\":\"de-DE\",\"potentialAction\":[{\"@type\":\"ReadAction\",\"target\":[\"https:\/\/www.newlifecyprus.com\/de\/kontakt\/\"]}]},{\"@type\":\"BreadcrumbList\",\"@id\":\"https:\/\/www.newlifecyprus.com\/de\/kontakt\/#breadcrumb\",\"itemListElement\":[{\"@type\":\"ListItem\",\"position\":1,\"name\":\"Home\",\"item\":\"https:\/\/www.newlifecyprus.com\/de\/startseite\/\"},{\"@type\":\"ListItem\",\"position\":2,\"name\":\"Kontakt\"}]},{\"@type\":\"WebSite\",\"@id\":\"https:\/\/www.newlifecyprus.com\/de\/#website\",\"url\":\"https:\/\/www.newlifecyprus.com\/de\/\",\"name\":\"Properties in Cyprus\",\"description\":\"New Life Cyprus\",\"publisher\":{\"@id\":\"https:\/\/www.newlifecyprus.com\/de\/#organization\"},\"potentialAction\":[{\"@type\":\"SearchAction\",\"target\":{\"@type\":\"EntryPoint\",\"urlTemplate\":\"https:\/\/www.newlifecyprus.com\/de\/?s={search_term_string}\"},\"query-input\":{\"@type\":\"PropertyValueSpecification\",\"valueRequired\":true,\"valueName\":\"search_term_string\"}}],\"inLanguage\":\"de-DE\"},{\"@type\":\"Organization\",\"@id\":\"https:\/\/www.newlifecyprus.com\/de\/#organization\",\"name\":\"Properties in Cyprus\",\"url\":\"https:\/\/www.newlifecyprus.com\/de\/\",\"logo\":{\"@type\":\"ImageObject\",\"inLanguage\":\"de-DE\",\"@id\":\"https:\/\/www.newlifecyprus.com\/de\/#\/schema\/logo\/image\/\",\"url\":\"https:\/\/www.newlifecyprus.com\/wp-content\/uploads\/2022\/05\/logo-205.png\",\"contentUrl\":\"https:\/\/www.newlifecyprus.com\/wp-content\/uploads\/2022\/05\/logo-205.png\",\"width\":205,\"height\":46,\"caption\":\"Properties in Cyprus\"},\"image\":{\"@id\":\"https:\/\/www.newlifecyprus.com\/de\/#\/schema\/logo\/image\/\"},\"sameAs\":[\"https:\/\/www.facebook.com\/newlifeturkeyinalanya\/\",\"https:\/\/x.com\/NewLifeAlanya\"]}]}<\/script>\n<!-- \/ Yoast SEO plugin. -->","yoast_head_json":{"title":"Kontakt - F\u00fcr mehr Informationen \u00fcber Wohnungen in Zypern","description":"Gemeinsam mit uns finden Sie einen zuverl\u00e4ssigen Partner mit langj\u00e4hriger Erfahrung auf dem Immobilienmarkt in Zypern. Wir verkaufen nicht nur eine Wohnungen in Zypern. Wir schaffen Ihr neues Zuhause, wo Sie Ihre Tr\u00e4ume leben k\u00f6nnen.","robots":{"index":"index","follow":"follow","max-snippet":"max-snippet:-1","max-image-preview":"max-image-preview:large","max-video-preview":"max-video-preview:-1"},"canonical":"https:\/\/www.newlifecyprus.com\/de\/kontakt\/","og_locale":"de_DE","og_type":"article","og_title":"Kontakt - F\u00fcr mehr Informationen \u00fcber Wohnungen in Zypern","og_description":"Gemeinsam mit uns finden Sie einen zuverl\u00e4ssigen Partner mit langj\u00e4hriger Erfahrung auf dem Immobilienmarkt in Zypern. Wir verkaufen nicht nur eine Wohnungen in Zypern. Wir schaffen Ihr neues Zuhause, wo Sie Ihre Tr\u00e4ume leben k\u00f6nnen.","og_url":"https:\/\/www.newlifecyprus.com\/de\/kontakt\/","og_site_name":"Immobilien in Zypern","article_publisher":"https:\/\/www.facebook.com\/newlifeturkeyinalanya\/","article_modified_time":"2023-04-06T12:12:49+00:00","twitter_card":"summary_large_image","twitter_site":"@NewLifeAlanya","twitter_misc":{"Gesch\u00e4tzte Lesezeit":"1 Minute"},"schema":{"@context":"https:\/\/schema.org","@graph":[{"@type":"WebPage","@id":"https:\/\/www.newlifecyprus.com\/de\/kontakt\/","url":"https:\/\/www.newlifecyprus.com\/de\/kontakt\/","name":"Kontakt - F\u00fcr mehr Informationen \u00fcber Wohnungen in Zypern","isPartOf":{"@id":"https:\/\/www.newlifecyprus.com\/de\/#website"},"datePublished":"2015-02-19T09:48:19+00:00","dateModified":"2023-04-06T12:12:49+00:00","description":"Gemeinsam mit uns finden Sie einen zuverl\u00e4ssigen Partner mit langj\u00e4hriger Erfahrung auf dem Immobilienmarkt in Zypern. Wir verkaufen nicht nur eine Wohnungen in Zypern. Wir schaffen Ihr neues Zuhause, wo Sie Ihre Tr\u00e4ume leben k\u00f6nnen.","breadcrumb":{"@id":"https:\/\/www.newlifecyprus.com\/de\/kontakt\/#breadcrumb"},"inLanguage":"de-DE","potentialAction":[{"@type":"ReadAction","target":["https:\/\/www.newlifecyprus.com\/de\/kontakt\/"]}]},{"@type":"BreadcrumbList","@id":"https:\/\/www.newlifecyprus.com\/de\/kontakt\/#breadcrumb","itemListElement":[{"@type":"ListItem","position":1,"name":"Home","item":"https:\/\/www.newlifecyprus.com\/de\/startseite\/"},{"@type":"ListItem","position":2,"name":"Kontakt"}]},{"@type":"WebSite","@id":"https:\/\/www.newlifecyprus.com\/de\/#website","url":"https:\/\/www.newlifecyprus.com\/de\/","name":"Properties in Cyprus","description":"New Life Cyprus","publisher":{"@id":"https:\/\/www.newlifecyprus.com\/de\/#organization"},"potentialAction":[{"@type":"SearchAction","target":{"@type":"EntryPoint","urlTemplate":"https:\/\/www.newlifecyprus.com\/de\/?s={search_term_string}"},"query-input":{"@type":"PropertyValueSpecification","valueRequired":true,"valueName":"search_term_string"}}],"inLanguage":"de-DE"},{"@type":"Organization","@id":"https:\/\/www.newlifecyprus.com\/de\/#organization","name":"Properties in Cyprus","url":"https:\/\/www.newlifecyprus.com\/de\/","logo":{"@type":"ImageObject","inLanguage":"de-DE","@id":"https:\/\/www.newlifecyprus.com\/de\/#\/schema\/logo\/image\/","url":"https:\/\/www.newlifecyprus.com\/wp-content\/uploads\/2022\/05\/logo-205.png","contentUrl":"https:\/\/www.newlifecyprus.com\/wp-content\/uploads\/2022\/05\/logo-205.png","width":205,"height":46,"caption":"Properties in Cyprus"},"image":{"@id":"https:\/\/www.newlifecyprus.com\/de\/#\/schema\/logo\/image\/"},"sameAs":["https:\/\/www.facebook.com\/newlifeturkeyinalanya\/","https:\/\/x.com\/NewLifeAlanya"]}]}},"_links":{"self":[{"href":"https:\/\/www.newlifecyprus.com\/de\/wp-json\/wp\/v2\/pages\/5707"}],"collection":[{"href":"https:\/\/www.newlifecyprus.com\/de\/wp-json\/wp\/v2\/pages"}],"about":[{"href":"https:\/\/www.newlifecyprus.com\/de\/wp-json\/wp\/v2\/types\/page"}],"author":[{"embeddable":true,"href":"https:\/\/www.newlifecyprus.com\/de\/wp-json\/wp\/v2\/users\/1"}],"replies":[{"embeddable":true,"href":"https:\/\/www.newlifecyprus.com\/de\/wp-json\/wp\/v2\/comments?post=5707"}],"version-history":[{"count":7,"href":"https:\/\/www.newlifecyprus.com\/de\/wp-json\/wp\/v2\/pages\/5707\/revisions"}],"predecessor-version":[{"id":46507,"href":"https:\/\/www.newlifecyprus.com\/de\/wp-json\/wp\/v2\/pages\/5707\/revisions\/46507"}],"wp:attachment":[{"href":"https:\/\/www.newlifecyprus.com\/de\/wp-json\/wp\/v2\/media?parent=5707"}],"curies":[{"name":"wp","href":"https:\/\/api.w.org\/{rel}","templated":true}]}}