{"id":41032,"date":"2015-02-19T09:48:19","date_gmt":"2015-02-19T09:48:19","guid":{"rendered":"https:\/\/www.newlifecyprus.com\/contact-us\/"},"modified":"2023-04-06T12:32:07","modified_gmt":"2023-04-06T12:32:07","slug":"kontakt","status":"publish","type":"page","link":"https:\/\/www.newlifecyprus.com\/sr\/kontakt\/","title":{"rendered":"Kontakt"},"content":{"rendered":"<p>[vc_row][vc_column][vc_empty_space height=&#8220;30&#8243;][vc_column_text]<\/p>\n<p style=\"text-align: justify;\">Mi smo mlada i dinami\u010dna kompanija i nudimo upravo ono \u0161to tra\u017eite. Zajedno sa nama pronalazite pouzdanog partnera sa dugogodi\u0161njim iskustvom na tr\u017ei\u0161tu nekretnina na Kipru. Ne samo da vam prodajemo stanovima na Kipru, vec\u0301 kreiramo va\u0161 novi dom, u kojem \u017eivite svoje snove. Samo nekretnine koje smo odabrali kao profesionalni agent za nekretnine bic\u0301e na prodaju.<\/p>\n<p>&nbsp;<\/p>\n<p style=\"text-align: justify;\">Neka vam se ostvari san o novoj imovini na Kipru. mi c\u0301emo vam pomoc\u0301i. Dubok razgovor o va\u0161im \u017eeljama je va\u017ean za pouzdanog i profesionalnog agenta za nekretnine. Odvajamo vreme da vam pomognemo da izaberete pravu nekretninu.<\/p>\n<p>&nbsp;<\/p>\n<p style=\"text-align: justify;\">\u017delite li da dobijete vi\u0161e informacija? Da li biste vec\u0301 dobili prve ponude nekretnina od nas? Samo nam po\u0161aljite e-mail na info@newlifecyprus.com ili <a href=\"https:\/\/wa.link\/18hejg\">nas pozovite<\/a>. Pogledajte na\u0161e <a href=\"https:\/\/www.newlifecyprus.com\/sr\/listings\/apartments-sr\/\">ponude za stanovima<\/a> na Kipru<\/p>\n<p>[\/vc_column_text][\/vc_column][\/vc_row]<\/p>\n","protected":false},"excerpt":{"rendered":"<p>[vc_row][vc_column][vc_empty_space height=&#8220;30&#8243;][vc_column_text] Mi smo mlada i dinami\u010dna kompanija i nudimo upravo ono \u0161to tra\u017eite. Zajedno sa nama pronalazite pouzdanog partnera sa dugogodi\u0161njim iskustvom na tr\u017ei\u0161tu nekretnina na Kipru. Ne samo da vam prodajemo stanovima na Kipru, vec\u0301 kreiramo va\u0161 novi dom, u kojem \u017eivite svoje snove. Samo nekretnine koje smo odabrali kao profesionalni agent za nekretnine bic\u0301e na prodaju. &nbsp; Neka vam se ostvari &#8230;<\/p>\n","protected":false},"author":1,"featured_media":0,"parent":0,"menu_order":0,"comment_status":"closed","ping_status":"closed","template":"contact_page.php","meta":{"footnotes":""},"class_list":["post-41032","page","type-page","status-publish","hentry"],"yoast_head":"<!-- This site is optimized with the Yoast SEO plugin v25.3 - https:\/\/yoast.com\/wordpress\/plugins\/seo\/ -->\n<title>Kontaktirajte za vi\u0161e informacija o stanovima na Kipru<\/title>\n<meta name=\"description\" content=\"Zajedno sa nama pronalazite pouzdanog partnera sa dugogodi\u0161njim iskustvom na tr\u017ei\u0161tu nekretnina na Kipru. Ne samo da vam prodajemo stanovima na Kipru, vec\u0301 kreiramo va\u0161 novi dom, u kojem \u017eivite svoje snove. Samo nekretnine koje smo odabrali kao profesionalni agent za nekretnine bic\u0301e na prodaju.\" \/>\n<meta name=\"robots\" content=\"index, follow, max-snippet:-1, max-image-preview:large, max-video-preview:-1\" \/>\n<link rel=\"canonical\" href=\"https:\/\/www.newlifecyprus.com\/sr\/kontakt\/\" \/>\n<meta property=\"og:locale\" content=\"sr_RS\" \/>\n<meta property=\"og:type\" content=\"article\" \/>\n<meta property=\"og:title\" content=\"Kontaktirajte za vi\u0161e informacija o stanovima na Kipru\" \/>\n<meta property=\"og:description\" content=\"Zajedno sa nama pronalazite pouzdanog partnera sa dugogodi\u0161njim iskustvom na tr\u017ei\u0161tu nekretnina na Kipru. Ne samo da vam prodajemo stanovima na Kipru, vec\u0301 kreiramo va\u0161 novi dom, u kojem \u017eivite svoje snove. Samo nekretnine koje smo odabrali kao profesionalni agent za nekretnine bic\u0301e na prodaju.\" \/>\n<meta property=\"og:url\" content=\"https:\/\/www.newlifecyprus.com\/sr\/kontakt\/\" \/>\n<meta property=\"og:site_name\" content=\"Nekretnine na Kipru\" \/>\n<meta property=\"article:publisher\" content=\"https:\/\/www.facebook.com\/newlifeturkeyinalanya\/\" \/>\n<meta property=\"article:modified_time\" content=\"2023-04-06T12:32:07+00:00\" \/>\n<meta name=\"twitter:card\" content=\"summary_large_image\" \/>\n<meta name=\"twitter:site\" content=\"@NewLifeAlanya\" \/>\n<meta name=\"twitter:label1\" content=\"\u041f\u0440\u043e\u0446\u0435\u045a\u0435\u043d\u043e \u0432\u0440\u0435\u043c\u0435 \u0447\u0438\u0442\u0430\u045a\u0430\" \/>\n\t<meta name=\"twitter:data1\" content=\"1 \u043c\u0438\u043d\u0443\u0442\" \/>\n<script type=\"application\/ld+json\" class=\"yoast-schema-graph\">{\"@context\":\"https:\/\/schema.org\",\"@graph\":[{\"@type\":\"WebPage\",\"@id\":\"https:\/\/www.newlifecyprus.com\/sr\/kontakt\/\",\"url\":\"https:\/\/www.newlifecyprus.com\/sr\/kontakt\/\",\"name\":\"Kontaktirajte za vi\u0161e informacija o stanovima na Kipru\",\"isPartOf\":{\"@id\":\"https:\/\/www.newlifecyprus.com\/sr\/#website\"},\"datePublished\":\"2015-02-19T09:48:19+00:00\",\"dateModified\":\"2023-04-06T12:32:07+00:00\",\"description\":\"Zajedno sa nama pronalazite pouzdanog partnera sa dugogodi\u0161njim iskustvom na tr\u017ei\u0161tu nekretnina na Kipru. Ne samo da vam prodajemo stanovima na Kipru, vec\u0301 kreiramo va\u0161 novi dom, u kojem \u017eivite svoje snove. Samo nekretnine koje smo odabrali kao profesionalni agent za nekretnine bic\u0301e na prodaju.\",\"breadcrumb\":{\"@id\":\"https:\/\/www.newlifecyprus.com\/sr\/kontakt\/#breadcrumb\"},\"inLanguage\":\"sr-RS\",\"potentialAction\":[{\"@type\":\"ReadAction\",\"target\":[\"https:\/\/www.newlifecyprus.com\/sr\/kontakt\/\"]}]},{\"@type\":\"BreadcrumbList\",\"@id\":\"https:\/\/www.newlifecyprus.com\/sr\/kontakt\/#breadcrumb\",\"itemListElement\":[{\"@type\":\"ListItem\",\"position\":1,\"name\":\"Home\",\"item\":\"https:\/\/www.newlifecyprus.com\/sr\/homepage\/\"},{\"@type\":\"ListItem\",\"position\":2,\"name\":\"Kontakt\"}]},{\"@type\":\"WebSite\",\"@id\":\"https:\/\/www.newlifecyprus.com\/sr\/#website\",\"url\":\"https:\/\/www.newlifecyprus.com\/sr\/\",\"name\":\"Properties in Cyprus\",\"description\":\"New Life Cyprus\",\"publisher\":{\"@id\":\"https:\/\/www.newlifecyprus.com\/sr\/#organization\"},\"potentialAction\":[{\"@type\":\"SearchAction\",\"target\":{\"@type\":\"EntryPoint\",\"urlTemplate\":\"https:\/\/www.newlifecyprus.com\/sr\/?s={search_term_string}\"},\"query-input\":{\"@type\":\"PropertyValueSpecification\",\"valueRequired\":true,\"valueName\":\"search_term_string\"}}],\"inLanguage\":\"sr-RS\"},{\"@type\":\"Organization\",\"@id\":\"https:\/\/www.newlifecyprus.com\/sr\/#organization\",\"name\":\"Properties in Cyprus\",\"url\":\"https:\/\/www.newlifecyprus.com\/sr\/\",\"logo\":{\"@type\":\"ImageObject\",\"inLanguage\":\"sr-RS\",\"@id\":\"https:\/\/www.newlifecyprus.com\/sr\/#\/schema\/logo\/image\/\",\"url\":\"https:\/\/www.newlifecyprus.com\/wp-content\/uploads\/2022\/05\/logo-205.png\",\"contentUrl\":\"https:\/\/www.newlifecyprus.com\/wp-content\/uploads\/2022\/05\/logo-205.png\",\"width\":205,\"height\":46,\"caption\":\"Properties in Cyprus\"},\"image\":{\"@id\":\"https:\/\/www.newlifecyprus.com\/sr\/#\/schema\/logo\/image\/\"},\"sameAs\":[\"https:\/\/www.facebook.com\/newlifeturkeyinalanya\/\",\"https:\/\/x.com\/NewLifeAlanya\"]}]}<\/script>\n<!-- \/ Yoast SEO plugin. -->","yoast_head_json":{"title":"Kontaktirajte za vi\u0161e informacija o stanovima na Kipru","description":"Zajedno sa nama pronalazite pouzdanog partnera sa dugogodi\u0161njim iskustvom na tr\u017ei\u0161tu nekretnina na Kipru. Ne samo da vam prodajemo stanovima na Kipru, vec\u0301 kreiramo va\u0161 novi dom, u kojem \u017eivite svoje snove. Samo nekretnine koje smo odabrali kao profesionalni agent za nekretnine bic\u0301e na prodaju.","robots":{"index":"index","follow":"follow","max-snippet":"max-snippet:-1","max-image-preview":"max-image-preview:large","max-video-preview":"max-video-preview:-1"},"canonical":"https:\/\/www.newlifecyprus.com\/sr\/kontakt\/","og_locale":"sr_RS","og_type":"article","og_title":"Kontaktirajte za vi\u0161e informacija o stanovima na Kipru","og_description":"Zajedno sa nama pronalazite pouzdanog partnera sa dugogodi\u0161njim iskustvom na tr\u017ei\u0161tu nekretnina na Kipru. Ne samo da vam prodajemo stanovima na Kipru, vec\u0301 kreiramo va\u0161 novi dom, u kojem \u017eivite svoje snove. Samo nekretnine koje smo odabrali kao profesionalni agent za nekretnine bic\u0301e na prodaju.","og_url":"https:\/\/www.newlifecyprus.com\/sr\/kontakt\/","og_site_name":"Nekretnine na Kipru","article_publisher":"https:\/\/www.facebook.com\/newlifeturkeyinalanya\/","article_modified_time":"2023-04-06T12:32:07+00:00","twitter_card":"summary_large_image","twitter_site":"@NewLifeAlanya","twitter_misc":{"\u041f\u0440\u043e\u0446\u0435\u045a\u0435\u043d\u043e \u0432\u0440\u0435\u043c\u0435 \u0447\u0438\u0442\u0430\u045a\u0430":"1 \u043c\u0438\u043d\u0443\u0442"},"schema":{"@context":"https:\/\/schema.org","@graph":[{"@type":"WebPage","@id":"https:\/\/www.newlifecyprus.com\/sr\/kontakt\/","url":"https:\/\/www.newlifecyprus.com\/sr\/kontakt\/","name":"Kontaktirajte za vi\u0161e informacija o stanovima na Kipru","isPartOf":{"@id":"https:\/\/www.newlifecyprus.com\/sr\/#website"},"datePublished":"2015-02-19T09:48:19+00:00","dateModified":"2023-04-06T12:32:07+00:00","description":"Zajedno sa nama pronalazite pouzdanog partnera sa dugogodi\u0161njim iskustvom na tr\u017ei\u0161tu nekretnina na Kipru. Ne samo da vam prodajemo stanovima na Kipru, vec\u0301 kreiramo va\u0161 novi dom, u kojem \u017eivite svoje snove. Samo nekretnine koje smo odabrali kao profesionalni agent za nekretnine bic\u0301e na prodaju.","breadcrumb":{"@id":"https:\/\/www.newlifecyprus.com\/sr\/kontakt\/#breadcrumb"},"inLanguage":"sr-RS","potentialAction":[{"@type":"ReadAction","target":["https:\/\/www.newlifecyprus.com\/sr\/kontakt\/"]}]},{"@type":"BreadcrumbList","@id":"https:\/\/www.newlifecyprus.com\/sr\/kontakt\/#breadcrumb","itemListElement":[{"@type":"ListItem","position":1,"name":"Home","item":"https:\/\/www.newlifecyprus.com\/sr\/homepage\/"},{"@type":"ListItem","position":2,"name":"Kontakt"}]},{"@type":"WebSite","@id":"https:\/\/www.newlifecyprus.com\/sr\/#website","url":"https:\/\/www.newlifecyprus.com\/sr\/","name":"Properties in Cyprus","description":"New Life Cyprus","publisher":{"@id":"https:\/\/www.newlifecyprus.com\/sr\/#organization"},"potentialAction":[{"@type":"SearchAction","target":{"@type":"EntryPoint","urlTemplate":"https:\/\/www.newlifecyprus.com\/sr\/?s={search_term_string}"},"query-input":{"@type":"PropertyValueSpecification","valueRequired":true,"valueName":"search_term_string"}}],"inLanguage":"sr-RS"},{"@type":"Organization","@id":"https:\/\/www.newlifecyprus.com\/sr\/#organization","name":"Properties in Cyprus","url":"https:\/\/www.newlifecyprus.com\/sr\/","logo":{"@type":"ImageObject","inLanguage":"sr-RS","@id":"https:\/\/www.newlifecyprus.com\/sr\/#\/schema\/logo\/image\/","url":"https:\/\/www.newlifecyprus.com\/wp-content\/uploads\/2022\/05\/logo-205.png","contentUrl":"https:\/\/www.newlifecyprus.com\/wp-content\/uploads\/2022\/05\/logo-205.png","width":205,"height":46,"caption":"Properties in Cyprus"},"image":{"@id":"https:\/\/www.newlifecyprus.com\/sr\/#\/schema\/logo\/image\/"},"sameAs":["https:\/\/www.facebook.com\/newlifeturkeyinalanya\/","https:\/\/x.com\/NewLifeAlanya"]}]}},"_links":{"self":[{"href":"https:\/\/www.newlifecyprus.com\/sr\/wp-json\/wp\/v2\/pages\/41032"}],"collection":[{"href":"https:\/\/www.newlifecyprus.com\/sr\/wp-json\/wp\/v2\/pages"}],"about":[{"href":"https:\/\/www.newlifecyprus.com\/sr\/wp-json\/wp\/v2\/types\/page"}],"author":[{"embeddable":true,"href":"https:\/\/www.newlifecyprus.com\/sr\/wp-json\/wp\/v2\/users\/1"}],"replies":[{"embeddable":true,"href":"https:\/\/www.newlifecyprus.com\/sr\/wp-json\/wp\/v2\/comments?post=41032"}],"version-history":[{"count":6,"href":"https:\/\/www.newlifecyprus.com\/sr\/wp-json\/wp\/v2\/pages\/41032\/revisions"}],"predecessor-version":[{"id":46511,"href":"https:\/\/www.newlifecyprus.com\/sr\/wp-json\/wp\/v2\/pages\/41032\/revisions\/46511"}],"wp:attachment":[{"href":"https:\/\/www.newlifecyprus.com\/sr\/wp-json\/wp\/v2\/media?parent=41032"}],"curies":[{"name":"wp","href":"https:\/\/api.w.org\/{rel}","templated":true}]}}